{"id":107,"date":"2024-09-15T05:03:06","date_gmt":"2024-09-15T05:03:06","guid":{"rendered":"https:\/\/beautyritualslounge.com\/about-us\/"},"modified":"2024-12-23T15:56:18","modified_gmt":"2024-12-23T14:56:18","slug":"about-us","status":"publish","type":"page","link":"https:\/\/beautyritualslounge.com\/es\/about-us\/","title":{"rendered":"Sobre nosotros"},"content":{"rendered":"<div data-elementor-type=\"wp-page\" data-elementor-id=\"107\" class=\"elementor elementor-107\" data-elementor-post-type=\"page\">\n\t\t\t\t<div class=\"e-con-top elementor-element elementor-element-5e21064 e-flex e-con-boxed e-con e-child\" data-id=\"5e21064\" data-element_type=\"container\" data-e-type=\"container\">\n\t\t\t\t\t<div class=\"e-con-inner\">\n\t\t\t\t<div class=\"elementor-element elementor-element-a3cb11e elementor-widget elementor-widget-image\" data-id=\"a3cb11e\" data-element_type=\"widget\" data-e-type=\"widget\" data-widget_type=\"image.default\">\n\t\t\t\t<div class=\"elementor-widget-container\">\n\t\t\t\t\t\t\t\t\t\t\t\t\t\t\t<img fetchpriority=\"high\" decoding=\"async\" width=\"610\" height=\"522\" src=\"https:\/\/beautyritualslounge.com\/wp-content\/uploads\/2024\/10\/about-us-photo.webp\" class=\"attachment-full size-full wp-image-503\" alt=\"\" srcset=\"https:\/\/beautyritualslounge.com\/wp-content\/uploads\/2024\/10\/about-us-photo.webp 610w, https:\/\/beautyritualslounge.com\/wp-content\/uploads\/2024\/10\/about-us-photo-300x257.webp 300w\" sizes=\"(max-width: 610px) 100vw, 610px\" \/>\t\t\t\t\t\t\t\t\t\t\t\t\t\t\t<\/div>\n\t\t\t\t<\/div>\n\t\t\t\t<div class=\"elementor-element elementor-element-5eb10e4 u-last-p-margin elementor-widget-tablet__width-initial elementor-widget elementor-widget-text-editor\" data-id=\"5eb10e4\" data-element_type=\"widget\" data-e-type=\"widget\" data-widget_type=\"text-editor.default\">\n\t\t\t\t<div class=\"elementor-widget-container\">\n\t\t\t\t\t\t\t\t\t<p>Beauty Rituals Lounge es<br \/>la realizaci\u00f3n de un \nsue\u00f1o compartido,<br \/>un lugar donde puedes tomar<br \/>un descanso del mundo<br \/>y reconectarte contigo mismo.<\/p>\t\t\t\t\t\t\t\t<\/div>\n\t\t\t\t<\/div>\n\t\t\t\t<div class=\"elementor-element elementor-element-b4f3b33 elementor-absolute elementor-hidden-mobile elementor-widget elementor-widget-image\" data-id=\"b4f3b33\" data-element_type=\"widget\" data-e-type=\"widget\" data-settings=\"{&quot;_position&quot;:&quot;absolute&quot;}\" data-widget_type=\"image.default\">\n\t\t\t\t<div class=\"elementor-widget-container\">\n\t\t\t\t\t\t\t\t\t\t\t\t\t\t\t<img decoding=\"async\" width=\"205\" height=\"682\" src=\"https:\/\/beautyritualslounge.com\/wp-content\/uploads\/2024\/10\/about-2-photo-2.webp\" class=\"attachment-full size-full wp-image-307\" alt=\"\" srcset=\"https:\/\/beautyritualslounge.com\/wp-content\/uploads\/2024\/10\/about-2-photo-2.webp 205w, https:\/\/beautyritualslounge.com\/wp-content\/uploads\/2024\/10\/about-2-photo-2-90x300.webp 90w\" sizes=\"(max-width: 205px) 100vw, 205px\" \/>\t\t\t\t\t\t\t\t\t\t\t\t\t\t\t<\/div>\n\t\t\t\t<\/div>\n\t\t\t\t\t<\/div>\n\t\t\t\t<\/div>\n\t\t<div class=\"e-con-top elementor-element elementor-element-7df12f6 e-flex e-con-boxed e-con e-child\" data-id=\"7df12f6\" data-element_type=\"container\" data-e-type=\"container\">\n\t\t\t\t\t<div class=\"e-con-inner\">\n\t\t\t\t<div class=\"elementor-element elementor-element-038b212 u-last-p-margin elementor-widget elementor-widget-text-editor\" data-id=\"038b212\" data-element_type=\"widget\" data-e-type=\"widget\" data-widget_type=\"text-editor.default\">\n\t\t\t\t<div class=\"elementor-widget-container\">\n\t\t\t\t\t\t\t\t\t<p class=\"translation-block\">Las fundadoras Dimitra y Vithleem combinaron su pasi\u00f3n por el bienestar<br> y la belleza para crear un santuario donde cada visita es m\u00e1s que una<br>  rutina: es un momento \u00fanico. Con antecedentes arraigados en la hospitalidad,<br> Spa y bienestar, hemos fusionado nuestra experiencia para crear un espacio que no s\u00f3lo mima sino que nutre tu mente, cuerpo y alma.<\/p><p>Actualmente estamos en renovaci\u00f3n, sin embargo nuestro sal\u00f3n abrir\u00e1 sus puertas <br \/>Enero de 2025 en Estepona, Andaluc\u00eda, Espa\u00f1a.<\/p><p>En Beauty Rituals Lounge no se trata solo de belleza, se trata de c\u00f3mo <br \/>t\u00fa lo sientes...<\/p>\t\t\t\t\t\t\t\t<\/div>\n\t\t\t\t<\/div>\n\t\t\t\t<div class=\"elementor-element elementor-element-d9b6a0c elementor-absolute e-transform elementor-hidden-mobile elementor-widget elementor-widget-image\" data-id=\"d9b6a0c\" data-element_type=\"widget\" data-e-type=\"widget\" data-settings=\"{&quot;_position&quot;:&quot;absolute&quot;,&quot;_transform_flipX_effect&quot;:&quot;transform&quot;}\" data-widget_type=\"image.default\">\n\t\t\t\t<div class=\"elementor-widget-container\">\n\t\t\t\t\t\t\t\t\t\t\t\t\t\t\t<img decoding=\"async\" width=\"205\" height=\"682\" src=\"https:\/\/beautyritualslounge.com\/wp-content\/uploads\/2024\/10\/about-2-photo-2.webp\" class=\"attachment-full size-full wp-image-307\" alt=\"\" srcset=\"https:\/\/beautyritualslounge.com\/wp-content\/uploads\/2024\/10\/about-2-photo-2.webp 205w, https:\/\/beautyritualslounge.com\/wp-content\/uploads\/2024\/10\/about-2-photo-2-90x300.webp 90w\" sizes=\"(max-width: 205px) 100vw, 205px\" \/>\t\t\t\t\t\t\t\t\t\t\t\t\t\t\t<\/div>\n\t\t\t\t<\/div>\n\t\t\t\t<div class=\"elementor-element elementor-element-60b90e0 elementor-widget__width-initial elementor-widget elementor-widget-image\" data-id=\"60b90e0\" data-element_type=\"widget\" data-e-type=\"widget\" data-widget_type=\"image.default\">\n\t\t\t\t<div class=\"elementor-widget-container\">\n\t\t\t\t\t\t\t\t\t\t\t\t\t\t\t<img decoding=\"async\" width=\"1000\" height=\"1000\" src=\"https:\/\/beautyritualslounge.com\/wp-content\/uploads\/2024\/10\/true-beauty-2.webp\" class=\"attachment-full size-full wp-image-662\" alt=\"\" srcset=\"https:\/\/beautyritualslounge.com\/wp-content\/uploads\/2024\/10\/true-beauty-2.webp 1000w, https:\/\/beautyritualslounge.com\/wp-content\/uploads\/2024\/10\/true-beauty-2-300x300.webp 300w, https:\/\/beautyritualslounge.com\/wp-content\/uploads\/2024\/10\/true-beauty-2-150x150.webp 150w, https:\/\/beautyritualslounge.com\/wp-content\/uploads\/2024\/10\/true-beauty-2-768x768.webp 768w, https:\/\/beautyritualslounge.com\/wp-content\/uploads\/2024\/10\/true-beauty-2-420x420.webp 420w, https:\/\/beautyritualslounge.com\/wp-content\/uploads\/2024\/10\/true-beauty-2-100x100.webp 100w\" sizes=\"(max-width: 1000px) 100vw, 1000px\" \/>\t\t\t\t\t\t\t\t\t\t\t\t\t\t\t<\/div>\n\t\t\t\t<\/div>\n\t\t\t\t\t<\/div>\n\t\t\t\t<\/div>\n\t\t\t\t<\/div>","protected":false},"excerpt":{"rendered":"<p>Beauty Rituals Lounge isthe realization of a shareddream, a place where youcan take a break from theworld and reconnect with yourself. Founders Dimitra and Vithleem combined their passion for wellnessand beauty to create a sanctuary where every visit is more than a routine \u2013 it is an experience. With backgrounds rooted in hospitality, spa and [&hellip;]<\/p>\n","protected":false},"author":1,"featured_media":0,"parent":0,"menu_order":2,"comment_status":"closed","ping_status":"closed","template":"elementor_header_footer","meta":{"_acf_changed":false,"footnotes":""},"class_list":["post-107","page","type-page","status-publish","hentry"],"acf":[],"_links":{"self":[{"href":"https:\/\/beautyritualslounge.com\/es\/wp-json\/wp\/v2\/pages\/107","targetHints":{"allow":["GET"]}}],"collection":[{"href":"https:\/\/beautyritualslounge.com\/es\/wp-json\/wp\/v2\/pages"}],"about":[{"href":"https:\/\/beautyritualslounge.com\/es\/wp-json\/wp\/v2\/types\/page"}],"author":[{"embeddable":true,"href":"https:\/\/beautyritualslounge.com\/es\/wp-json\/wp\/v2\/users\/1"}],"replies":[{"embeddable":true,"href":"https:\/\/beautyritualslounge.com\/es\/wp-json\/wp\/v2\/comments?post=107"}],"version-history":[{"count":0,"href":"https:\/\/beautyritualslounge.com\/es\/wp-json\/wp\/v2\/pages\/107\/revisions"}],"wp:attachment":[{"href":"https:\/\/beautyritualslounge.com\/es\/wp-json\/wp\/v2\/media?parent=107"}],"curies":[{"name":"gracias","href":"https:\/\/api.w.org\/{rel}","templated":true}]}}