{"id":1157,"date":"2024-12-09T16:42:21","date_gmt":"2024-12-09T15:42:21","guid":{"rendered":"https:\/\/beautyritualslounge.com\/imprint\/"},"modified":"2024-12-09T16:42:21","modified_gmt":"2024-12-09T15:42:21","slug":"imprint","status":"publish","type":"page","link":"https:\/\/beautyritualslounge.com\/es\/imprint\/","title":{"rendered":"Imprimir"},"content":{"rendered":"<!-- Legal document generated by Complianz | GDPR\/CCPA Cookie Consent https:\/\/wordpress.org\/plugins\/complianz-gdpr -->\n<div id=\"cmplz-document\" class=\"cmplz-document impressum cmplz-document-all\"><p><i>Este aviso legal \/ pie de imprenta fue actualizado por \u00faltima vez el 09.12.2024.<\/i><\/p><p class=\"cmplz-subtitle\">El propietario de esta web es:<\/p><p>BEAUTY RITUALS LOUNGE SL SOCIEDAD LIMITADA<br>Avenida Andaluc\u00eda 62, Casamar 8, Estepona, 29680, Espa\u00f1a<br>Espa\u00f1a<br>Correo electr\u00f3nico:&nbsp;i&#110;&#102;&#111;&#064;&#098;e&#097;&#117;&#116;&#121;&#114;itu&#097;&#108;&#115;lou&#110;g&#101;&#046;&#099;om<br>N\u00famero de tel\u00e9fono: +34603914264<br>CIF (N\u00famero de IVA): B19986769<\/p><p class=\"cmplz-subtitle\">El\/los representante\/s legal\/es de BEAUTY RITUALS LOUNGE SL SOCIEDAD LIMITADA:<\/p><p>Dimitra Spanou<\/p><h2>1. General<\/h2><p>Estamos dispuestos u obligados a participar en procedimientos de resoluci\u00f3n de conflictos ante una junta de arbitraje de consumo.<\/p><\/div>","protected":false},"excerpt":{"rendered":"","protected":false},"author":1,"featured_media":0,"parent":0,"menu_order":0,"comment_status":"closed","ping_status":"closed","template":"","meta":{"_acf_changed":false,"footnotes":""},"class_list":["post-1157","page","type-page","status-publish","hentry"],"acf":[],"_links":{"self":[{"href":"https:\/\/beautyritualslounge.com\/es\/wp-json\/wp\/v2\/pages\/1157","targetHints":{"allow":["GET"]}}],"collection":[{"href":"https:\/\/beautyritualslounge.com\/es\/wp-json\/wp\/v2\/pages"}],"about":[{"href":"https:\/\/beautyritualslounge.com\/es\/wp-json\/wp\/v2\/types\/page"}],"author":[{"embeddable":true,"href":"https:\/\/beautyritualslounge.com\/es\/wp-json\/wp\/v2\/users\/1"}],"replies":[{"embeddable":true,"href":"https:\/\/beautyritualslounge.com\/es\/wp-json\/wp\/v2\/comments?post=1157"}],"version-history":[{"count":0,"href":"https:\/\/beautyritualslounge.com\/es\/wp-json\/wp\/v2\/pages\/1157\/revisions"}],"wp:attachment":[{"href":"https:\/\/beautyritualslounge.com\/es\/wp-json\/wp\/v2\/media?parent=1157"}],"curies":[{"name":"gracias","href":"https:\/\/api.w.org\/{rel}","templated":true}]}}