{"id":331,"date":"2024-10-10T11:49:48","date_gmt":"2024-10-10T09:49:48","guid":{"rendered":"https:\/\/beautyritualslounge.com\/?page_id=331"},"modified":"2025-08-02T15:49:41","modified_gmt":"2025-08-02T13:49:41","slug":"shop","status":"publish","type":"page","link":"https:\/\/beautyritualslounge.com\/es\/shop\/","title":{"rendered":"Comercio"},"content":{"rendered":"<div data-elementor-type=\"wp-page\" data-elementor-id=\"331\" class=\"elementor elementor-331\" data-elementor-post-type=\"page\">\n\t\t\t\t<div class=\"e-con-top elementor-element elementor-element-eac2be0 e-con-full e-flex e-con e-parent\" data-id=\"eac2be0\" data-element_type=\"container\" data-e-type=\"container\" data-settings=\"{&quot;position&quot;:&quot;absolute&quot;}\">\n\t\t<div class=\"elementor-element elementor-element-97b0b82 e-con-full e-flex e-con e-child\" data-id=\"97b0b82\" data-element_type=\"container\" data-e-type=\"container\" data-settings=\"{&quot;background_background&quot;:&quot;classic&quot;}\">\n\t\t\t\t<div class=\"elementor-element elementor-element-8bd0dc1 elementor-widget elementor-widget-image\" data-id=\"8bd0dc1\" data-element_type=\"widget\" data-e-type=\"widget\" data-widget_type=\"image.default\">\n\t\t\t\t<div class=\"elementor-widget-container\">\n\t\t\t\t\t\t\t\t\t\t\t\t\t\t\t<img fetchpriority=\"high\" decoding=\"async\" width=\"306\" height=\"377\" src=\"https:\/\/beautyritualslounge.com\/wp-content\/uploads\/2024\/10\/shop.webp\" class=\"attachment-large size-large wp-image-334\" alt=\"\" srcset=\"https:\/\/beautyritualslounge.com\/wp-content\/uploads\/2024\/10\/shop.webp 306w, https:\/\/beautyritualslounge.com\/wp-content\/uploads\/2024\/10\/shop-244x300.webp 244w\" sizes=\"(max-width: 306px) 100vw, 306px\" \/>\t\t\t\t\t\t\t\t\t\t\t\t\t\t\t<\/div>\n\t\t\t\t<\/div>\n\t\t\t\t<\/div>\n\t\t\t\t<\/div>\n\t\t<div class=\"e-con-top elementor-element elementor-element-5f4be3d e-flex e-con-boxed e-con e-child\" data-id=\"5f4be3d\" data-element_type=\"container\" data-e-type=\"container\" data-settings=\"{&quot;background_background&quot;:&quot;classic&quot;}\">\n\t\t\t\t\t<div class=\"e-con-inner\">\n\t\t\t\t<div class=\"elementor-element elementor-element-3223b97 elementor-absolute elementor-hidden-mobile elementor-widget elementor-widget-image\" data-id=\"3223b97\" data-element_type=\"widget\" data-e-type=\"widget\" data-settings=\"{&quot;_position&quot;:&quot;absolute&quot;}\" data-widget_type=\"image.default\">\n\t\t\t\t<div class=\"elementor-widget-container\">\n\t\t\t\t\t\t\t\t\t\t\t\t\t\t\t<img decoding=\"async\" width=\"297\" height=\"461\" src=\"https:\/\/beautyritualslounge.com\/wp-content\/uploads\/2024\/10\/shop2.webp\" class=\"attachment-large size-large wp-image-335\" alt=\"\" srcset=\"https:\/\/beautyritualslounge.com\/wp-content\/uploads\/2024\/10\/shop2.webp 297w, https:\/\/beautyritualslounge.com\/wp-content\/uploads\/2024\/10\/shop2-193x300.webp 193w\" sizes=\"(max-width: 297px) 100vw, 297px\" \/>\t\t\t\t\t\t\t\t\t\t\t\t\t\t\t<\/div>\n\t\t\t\t<\/div>\n\t\t\t\t<div class=\"elementor-element elementor-element-1b2e6f4 elementor-absolute e-transform elementor-hidden-desktop elementor-hidden-tablet elementor-widget elementor-widget-image\" data-id=\"1b2e6f4\" data-element_type=\"widget\" data-e-type=\"widget\" data-settings=\"{&quot;_position&quot;:&quot;absolute&quot;,&quot;_transform_flipX_effect&quot;:&quot;transform&quot;}\" data-widget_type=\"image.default\">\n\t\t\t\t<div class=\"elementor-widget-container\">\n\t\t\t\t\t\t\t\t\t\t\t\t\t\t\t<img decoding=\"async\" width=\"297\" height=\"461\" src=\"https:\/\/beautyritualslounge.com\/wp-content\/uploads\/2024\/10\/shop2.webp\" class=\"attachment-large size-large wp-image-335\" alt=\"\" srcset=\"https:\/\/beautyritualslounge.com\/wp-content\/uploads\/2024\/10\/shop2.webp 297w, https:\/\/beautyritualslounge.com\/wp-content\/uploads\/2024\/10\/shop2-193x300.webp 193w\" sizes=\"(max-width: 297px) 100vw, 297px\" \/>\t\t\t\t\t\t\t\t\t\t\t\t\t\t\t<\/div>\n\t\t\t\t<\/div>\n\t\t\t\t<div class=\"elementor-element elementor-element-f3aa085 elementor-widget elementor-widget-text-editor\" data-id=\"f3aa085\" data-element_type=\"widget\" data-e-type=\"widget\" data-widget_type=\"text-editor.default\">\n\t\t\t\t<div class=\"elementor-widget-container\">\n\t\t\t\t\t\t\t\t\t<p>Disfruta la experiencia de Beauty Rituals Lounge <br \/>en casa con nuestra exclusiva <br \/>selecci\u00f3n de productos de <br \/>belleza de lujo.<\/p>\t\t\t\t\t\t\t\t<\/div>\n\t\t\t\t<\/div>\n\t\t\t\t<div class=\"elementor-element elementor-element-8d6df70 elementor-widget elementor-widget-text-editor\" data-id=\"8d6df70\" data-element_type=\"widget\" data-e-type=\"widget\" data-widget_type=\"text-editor.default\">\n\t\t\t\t<div class=\"elementor-widget-container\">\n\t\t\t\t\t\t\t\t\t<p>Hemos tra\u00eddo las mejores marcas de Grecia e Italia para <br \/>para que experiment\u00e9is algo nuevo, algo fuera de lo com\u00fan... <br \/>Descubra nuestra gama y contin\u00fae su viaje de autocuidado, <br \/>en cualquier momento y en cualquier lugar.<\/p>\t\t\t\t\t\t\t\t<\/div>\n\t\t\t\t<\/div>\n\t\t\t\t<div class=\"elementor-element elementor-element-4271f85 elementor-mobile-align-right elementor-widget elementor-widget-button\" data-id=\"4271f85\" data-element_type=\"widget\" data-e-type=\"widget\" data-widget_type=\"button.default\">\n\t\t\t\t<div class=\"elementor-widget-container\">\n\t\t\t\t\t\t\t\t\t<div class=\"elementor-button-wrapper\">\n\t\t\t\t\t<a class=\"elementor-button elementor-button-link elementor-size-sm\" href=\"https:\/\/beautyritualslounge.com\/es\/catalogue\/\">\n\t\t\t\t\t\t<span class=\"elementor-button-content-wrapper\">\n\t\t\t\t\t\t\t\t\t<span class=\"elementor-button-text\">Comprar ahora<\/span>\n\t\t\t\t\t<\/span>\n\t\t\t\t\t<\/a>\n\t\t\t\t<\/div>\n\t\t\t\t\t\t\t\t<\/div>\n\t\t\t\t<\/div>\n\t\t\t\t\t<\/div>\n\t\t\t\t<\/div>\n\t\t<div class=\"e-con-top elementor-element elementor-element-3b22402 e-flex e-con-boxed e-con e-parent\" data-id=\"3b22402\" data-element_type=\"container\" data-e-type=\"container\">\n\t\t\t\t\t<div class=\"e-con-inner\">\n\t\t<div class=\"elementor-element elementor-element-427614d e-con-full e-flex e-con e-child\" data-id=\"427614d\" data-element_type=\"container\" data-e-type=\"container\">\n\t\t<div class=\"elementor-element elementor-element-39a5379 e-con-full e-flex e-con e-child\" data-id=\"39a5379\" data-element_type=\"container\" data-e-type=\"container\" data-settings=\"{&quot;background_background&quot;:&quot;classic&quot;}\">\n\t\t\t\t<div class=\"elementor-element elementor-element-699ee35 elementor-widget elementor-widget-image\" data-id=\"699ee35\" data-element_type=\"widget\" data-e-type=\"widget\" data-widget_type=\"image.default\">\n\t\t\t\t<div class=\"elementor-widget-container\">\n\t\t\t\t\t\t\t\t\t\t\t\t\t\t\t\t<a href=\"https:\/\/beautyritualslounge.com\/es\/brand\/vagheggi-phytocosmetics\/\">\n\t\t\t\t\t\t\t<img decoding=\"async\" width=\"178\" height=\"230\" src=\"https:\/\/beautyritualslounge.com\/wp-content\/uploads\/2024\/11\/vagheggi-shop-page.webp\" class=\"attachment-large size-large wp-image-947\" alt=\"\" srcset=\"https:\/\/beautyritualslounge.com\/wp-content\/uploads\/2024\/11\/vagheggi-shop-page.webp 178w, https:\/\/beautyritualslounge.com\/wp-content\/uploads\/2024\/11\/vagheggi-shop-page-9x12.webp 9w\" sizes=\"(max-width: 178px) 100vw, 178px\" \/>\t\t\t\t\t\t\t\t<\/a>\n\t\t\t\t\t\t\t\t\t\t\t\t\t\t\t<\/div>\n\t\t\t\t<\/div>\n\t\t\t\t<div class=\"elementor-element elementor-element-d279de3 elementor-widget__width-initial elementor-absolute elementor-widget elementor-widget-image\" data-id=\"d279de3\" data-element_type=\"widget\" data-e-type=\"widget\" data-settings=\"{&quot;_position&quot;:&quot;absolute&quot;}\" data-widget_type=\"image.default\">\n\t\t\t\t<div class=\"elementor-widget-container\">\n\t\t\t\t\t\t\t\t\t\t\t\t\t\t\t<img loading=\"lazy\" decoding=\"async\" width=\"205\" height=\"682\" src=\"https:\/\/beautyritualslounge.com\/wp-content\/uploads\/2024\/10\/about-2-photo-2.webp\" class=\"attachment-full size-full wp-image-307\" alt=\"\" srcset=\"https:\/\/beautyritualslounge.com\/wp-content\/uploads\/2024\/10\/about-2-photo-2.webp 205w, https:\/\/beautyritualslounge.com\/wp-content\/uploads\/2024\/10\/about-2-photo-2-90x300.webp 90w\" sizes=\"(max-width: 205px) 100vw, 205px\" \/>\t\t\t\t\t\t\t\t\t\t\t\t\t\t\t<\/div>\n\t\t\t\t<\/div>\n\t\t\t\t<\/div>\n\t\t\t\t<div class=\"elementor-element elementor-element-65396e9 elementor-widget elementor-widget-spacer\" data-id=\"65396e9\" data-element_type=\"widget\" data-e-type=\"widget\" data-widget_type=\"spacer.default\">\n\t\t\t\t<div class=\"elementor-widget-container\">\n\t\t\t\t\t\t\t<div class=\"elementor-spacer\">\n\t\t\t<div class=\"elementor-spacer-inner\"><\/div>\n\t\t<\/div>\n\t\t\t\t\t\t<\/div>\n\t\t\t\t<\/div>\n\t\t<div class=\"elementor-element elementor-element-1eacad0 e-con-full e-flex e-con e-child\" data-id=\"1eacad0\" data-element_type=\"container\" data-e-type=\"container\" data-settings=\"{&quot;background_background&quot;:&quot;classic&quot;}\">\n\t\t\t\t<div class=\"elementor-element elementor-element-76c9a22 elementor-widget elementor-widget-image\" data-id=\"76c9a22\" data-element_type=\"widget\" data-e-type=\"widget\" data-widget_type=\"image.default\">\n\t\t\t\t<div class=\"elementor-widget-container\">\n\t\t\t\t\t\t\t\t\t\t\t\t\t\t\t\t<a href=\"https:\/\/beautyritualslounge.com\/es\/brand\/froika-dermocosmetics\/\">\n\t\t\t\t\t\t\t<img decoding=\"async\" src=\"https:\/\/beautyritualslounge.com\/wp-content\/uploads\/2024\/11\/froika-shop-page.webp\" title=\"P\u00e1gina de la tienda Froika\" alt=\"froika shop page\" loading=\"lazy\" \/>\t\t\t\t\t\t\t\t<\/a>\n\t\t\t\t\t\t\t\t\t\t\t\t\t\t\t<\/div>\n\t\t\t\t<\/div>\n\t\t\t\t<div class=\"elementor-element elementor-element-d629b8c elementor-widget__width-initial elementor-absolute elementor-widget elementor-widget-image\" data-id=\"d629b8c\" data-element_type=\"widget\" data-e-type=\"widget\" data-settings=\"{&quot;_position&quot;:&quot;absolute&quot;}\" data-widget_type=\"image.default\">\n\t\t\t\t<div class=\"elementor-widget-container\">\n\t\t\t\t\t\t\t\t\t\t\t\t\t\t\t<img loading=\"lazy\" decoding=\"async\" width=\"205\" height=\"682\" src=\"https:\/\/beautyritualslounge.com\/wp-content\/uploads\/2024\/10\/about-2-photo-2.webp\" class=\"attachment-full size-full wp-image-307\" alt=\"\" srcset=\"https:\/\/beautyritualslounge.com\/wp-content\/uploads\/2024\/10\/about-2-photo-2.webp 205w, https:\/\/beautyritualslounge.com\/wp-content\/uploads\/2024\/10\/about-2-photo-2-90x300.webp 90w\" sizes=\"(max-width: 205px) 100vw, 205px\" \/>\t\t\t\t\t\t\t\t\t\t\t\t\t\t\t<\/div>\n\t\t\t\t<\/div>\n\t\t\t\t<\/div>\n\t\t\t\t<\/div>\n\t\t\t\t\t<\/div>\n\t\t\t\t<\/div>\n\t\t\t\t<\/div>","protected":false},"excerpt":{"rendered":"<p>Ll\u00e9vate a casa la experiencia Beauty Rituals Lounge con nuestra cuidada selecci\u00f3n de productos de belleza de lujo. Hemos tra\u00eddo las mejores marcas de Grecia e Italia para que experimentes algo nuevo y fuera de lo com\u00fan. Descubre nuestra gama y contin\u00faa tu viaje de autocuidado donde y cuando quieras. \u00a1Compra ahora!<\/p>","protected":false},"author":1,"featured_media":0,"parent":0,"menu_order":4,"comment_status":"closed","ping_status":"closed","template":"elementor_header_footer","meta":{"_acf_changed":false,"footnotes":""},"class_list":["post-331","page","type-page","status-publish","hentry"],"acf":[],"_links":{"self":[{"href":"https:\/\/beautyritualslounge.com\/es\/wp-json\/wp\/v2\/pages\/331","targetHints":{"allow":["GET"]}}],"collection":[{"href":"https:\/\/beautyritualslounge.com\/es\/wp-json\/wp\/v2\/pages"}],"about":[{"href":"https:\/\/beautyritualslounge.com\/es\/wp-json\/wp\/v2\/types\/page"}],"author":[{"embeddable":true,"href":"https:\/\/beautyritualslounge.com\/es\/wp-json\/wp\/v2\/users\/1"}],"replies":[{"embeddable":true,"href":"https:\/\/beautyritualslounge.com\/es\/wp-json\/wp\/v2\/comments?post=331"}],"version-history":[{"count":3,"href":"https:\/\/beautyritualslounge.com\/es\/wp-json\/wp\/v2\/pages\/331\/revisions"}],"predecessor-version":[{"id":1392,"href":"https:\/\/beautyritualslounge.com\/es\/wp-json\/wp\/v2\/pages\/331\/revisions\/1392"}],"wp:attachment":[{"href":"https:\/\/beautyritualslounge.com\/es\/wp-json\/wp\/v2\/media?parent=331"}],"curies":[{"name":"gracias","href":"https:\/\/api.w.org\/{rel}","templated":true}]}}