{"id":830,"date":"2024-11-11T09:36:42","date_gmt":"2024-11-11T08:36:42","guid":{"rendered":"https:\/\/beautyritualslounge.com\/?page_id=830"},"modified":"2024-11-21T11:41:45","modified_gmt":"2024-11-21T10:41:45","slug":"manicure","status":"publish","type":"page","link":"https:\/\/beautyritualslounge.com\/es\/services\/manicure\/","title":{"rendered":"Manicura"},"content":{"rendered":"<div data-elementor-type=\"wp-page\" data-elementor-id=\"830\" class=\"elementor elementor-830\" data-elementor-post-type=\"page\">\n\t\t\t\t<div class=\"e-con-top elementor-element elementor-element-1f708be e-flex e-con-boxed e-con e-parent\" data-id=\"1f708be\" data-element_type=\"container\" data-e-type=\"container\">\n\t\t\t\t\t<div class=\"e-con-inner\">\n\t\t\t\t<div class=\"elementor-element elementor-element-4ffd533 elementor-widget elementor-widget-reycore-breadcrumbs\" data-id=\"4ffd533\" data-element_type=\"widget\" data-e-type=\"widget\" data-widget_type=\"reycore-breadcrumbs.default\">\n\t\t\t\t<div class=\"elementor-widget-container\">\n\t\t\t\t\t\n\t\t<div class=\"rey-element reyEl-breadcrumbs\">\n\n\t\t\t<nav class=\"rey-breadcrumbs\"><div class=\"rey-breadcrumbs-item\">Principal<\/div><\/nav>\t\t<\/div>\n\t\t<!-- .reyEl-breadcrumbs -->\n\t\t\t\t\t\t<\/div>\n\t\t\t\t<\/div>\n\t\t\t\t\t<\/div>\n\t\t\t\t<\/div>\n\t\t<div class=\"e-con-top elementor-element elementor-element-ba1b384 e-con-full e-flex e-con e-parent\" data-id=\"ba1b384\" data-element_type=\"container\" data-e-type=\"container\">\n\t\t<div class=\"elementor-element elementor-element-7a81777 e-con-full elementor-hidden-mobile e-flex e-con e-child\" data-id=\"7a81777\" data-element_type=\"container\" data-e-type=\"container\">\n\t\t\t\t<\/div>\n\t\t<div class=\"elementor-element elementor-element-c8251f5 e-con-full e-flex e-con e-child\" data-id=\"c8251f5\" data-element_type=\"container\" data-e-type=\"container\" data-settings=\"{&quot;background_background&quot;:&quot;classic&quot;}\">\n\t\t<div class=\"elementor-element elementor-element-2ecdbd3 e-con-full e-flex e-con e-child\" data-id=\"2ecdbd3\" data-element_type=\"container\" data-e-type=\"container\">\n\t\t\t\t<div class=\"elementor-element elementor-element-879d584 elementor-widget elementor-widget-heading\" data-id=\"879d584\" data-element_type=\"widget\" data-e-type=\"widget\" data-widget_type=\"heading.default\">\n\t\t\t\t<div class=\"elementor-widget-container\">\n\t\t\t\t\t<h2 class=\"elementor-heading-title elementor-size-default\">Descubra nuestra gama de <\/br>servicios de manicura <\/br>Dise\u00f1ado para mantener su <\/br>manos luciendo hermosas <\/br>y bien mantenido. <\/h2>\t\t\t\t<\/div>\n\t\t\t\t<\/div>\n\t\t\t\t<div class=\"elementor-element elementor-element-a7da18a elementor-widget elementor-widget-image\" data-id=\"a7da18a\" data-element_type=\"widget\" data-e-type=\"widget\" data-widget_type=\"image.default\">\n\t\t\t\t<div class=\"elementor-widget-container\">\n\t\t\t\t\t\t\t\t\t\t\t\t\t\t\t<img fetchpriority=\"high\" decoding=\"async\" width=\"380\" height=\"452\" src=\"https:\/\/beautyritualslounge.com\/wp-content\/uploads\/2024\/11\/manicure-1-1.webp\" class=\"attachment-full size-full wp-image-996\" alt=\"\" srcset=\"https:\/\/beautyritualslounge.com\/wp-content\/uploads\/2024\/11\/manicure-1-1.webp 380w, https:\/\/beautyritualslounge.com\/wp-content\/uploads\/2024\/11\/manicure-1-1-252x300.webp 252w, https:\/\/beautyritualslounge.com\/wp-content\/uploads\/2024\/11\/manicure-1-1-10x12.webp 10w\" sizes=\"(max-width: 380px) 100vw, 380px\" \/>\t\t\t\t\t\t\t\t\t\t\t\t\t\t\t<\/div>\n\t\t\t\t<\/div>\n\t\t\t\t<\/div>\n\t\t\t\t<\/div>\n\t\t\t\t<\/div>\n\t\t<div class=\"e-con-top elementor-element elementor-element-0d5e746 e-flex e-con-boxed e-con e-parent\" data-id=\"0d5e746\" data-element_type=\"container\" data-e-type=\"container\">\n\t\t\t\t\t<div class=\"e-con-inner\">\n\t\t\t\t<div class=\"elementor-element elementor-element-c263d40 elementor-widget elementor-widget-heading\" data-id=\"c263d40\" data-element_type=\"widget\" data-e-type=\"widget\" data-widget_type=\"heading.default\">\n\t\t\t\t<div class=\"elementor-widget-container\">\n\t\t\t\t\t<h2 class=\"elementor-heading-title elementor-size-default\">Nuestras ofertas incluyen todo, desde un acabado natural sin esmalte para una apariencia sutil y elegante hasta esmaltes cl\u00e1sicos y opciones semipermanentes para un brillo m\u00e1s duradero. <\/h2>\t\t\t\t<\/div>\n\t\t\t\t<\/div>\n\t\t\t\t\t<\/div>\n\t\t\t\t<\/div>\n\t\t<div class=\"e-con-top elementor-element elementor-element-4c3cfc0 e-flex e-con-boxed e-con e-parent\" data-id=\"4c3cfc0\" data-element_type=\"container\" data-e-type=\"container\">\n\t\t\t\t\t<div class=\"e-con-inner\">\n\t\t<div class=\"elementor-element elementor-element-1e62f22 e-con-full e-flex e-con e-child\" data-id=\"1e62f22\" data-element_type=\"container\" data-e-type=\"container\">\n\t\t\t\t<div class=\"elementor-element elementor-element-78a44e0 elementor-widget elementor-widget-heading\" data-id=\"78a44e0\" data-element_type=\"widget\" data-e-type=\"widget\" data-widget_type=\"heading.default\">\n\t\t\t\t<div class=\"elementor-widget-container\">\n\t\t\t\t\t<h2 class=\"elementor-heading-title elementor-size-default\">\u00bfBuscas algo extra?<\/h2>\t\t\t\t<\/div>\n\t\t\t\t<\/div>\n\t\t\t\t<div class=\"elementor-element elementor-element-8024a89 elementor-widget elementor-widget-text-editor\" data-id=\"8024a89\" data-element_type=\"widget\" data-e-type=\"widget\" data-widget_type=\"text-editor.default\">\n\t\t\t\t<div class=\"elementor-widget-container\">\n\t\t\t\t\t\t\t\t\t<p>Prueba nuestras extensiones de u\u00f1as AcryGel, con opciones para personalizar el tama\u00f1o e incluso tratamientos de reparaci\u00f3n individuales.<br \/><br \/>Nuestros t\u00e9cnicos expertos garantizan una aplicaci\u00f3n precisa, un cuidado suave y una experiencia relajante en todo momento.<\/p>\t\t\t\t\t\t\t\t<\/div>\n\t\t\t\t<\/div>\n\t\t\t\t<div class=\"elementor-element elementor-element-579424b elementor-widget elementor-widget-heading\" data-id=\"579424b\" data-element_type=\"widget\" data-e-type=\"widget\" data-widget_type=\"heading.default\">\n\t\t\t\t<div class=\"elementor-widget-container\">\n\t\t\t\t\t<h2 class=\"elementor-heading-title elementor-size-default\">Adem\u00e1s, si te haces la manicura y la pedicura el mismo d\u00eda, \u00a1disfruta de un descuento de 10%! <\/h2>\t\t\t\t<\/div>\n\t\t\t\t<\/div>\n\t\t\t\t<\/div>\n\t\t<div class=\"elementor-element elementor-element-38ba494 e-con-full e-flex e-con e-child\" data-id=\"38ba494\" data-element_type=\"container\" data-e-type=\"container\">\n\t\t\t\t<div class=\"elementor-element elementor-element-5e7da55 elementor-widget elementor-widget-image\" data-id=\"5e7da55\" data-element_type=\"widget\" data-e-type=\"widget\" data-widget_type=\"image.default\">\n\t\t\t\t<div class=\"elementor-widget-container\">\n\t\t\t\t\t\t\t\t\t\t\t\t\t\t\t<img decoding=\"async\" width=\"463\" height=\"320\" src=\"https:\/\/beautyritualslounge.com\/wp-content\/uploads\/2024\/11\/manicure-2nd-pict.webp\" class=\"attachment-large size-large wp-image-836\" alt=\"\" srcset=\"https:\/\/beautyritualslounge.com\/wp-content\/uploads\/2024\/11\/manicure-2nd-pict.webp 463w, https:\/\/beautyritualslounge.com\/wp-content\/uploads\/2024\/11\/manicure-2nd-pict-300x207.webp 300w, https:\/\/beautyritualslounge.com\/wp-content\/uploads\/2024\/11\/manicure-2nd-pict-18x12.webp 18w\" sizes=\"(max-width: 463px) 100vw, 463px\" \/>\t\t\t\t\t\t\t\t\t\t\t\t\t\t\t<\/div>\n\t\t\t\t<\/div>\n\t\t\t\t<\/div>\n\t\t\t\t\t<\/div>\n\t\t\t\t<\/div>\n\t\t<div class=\"e-con-top elementor-element elementor-element-79e5836 e-flex e-con-boxed e-con e-parent\" data-id=\"79e5836\" data-element_type=\"container\" data-e-type=\"container\">\n\t\t\t\t\t<div class=\"e-con-inner\">\n\t\t\t\t<div class=\"elementor-element elementor-element-705055a elementor-align-center elementor-tablet-align-center elementor-widget elementor-widget-button\" data-id=\"705055a\" data-element_type=\"widget\" data-e-type=\"widget\" data-widget_type=\"button.default\">\n\t\t\t\t<div class=\"elementor-widget-container\">\n\t\t\t\t\t\t\t\t\t<div class=\"elementor-button-wrapper\">\n\t\t\t\t\t<a class=\"elementor-button elementor-button-link elementor-size-sm\" href=\"https:\/\/beautyritualslounge.com\/es\/booking\/\">\n\t\t\t\t\t\t<span class=\"elementor-button-content-wrapper\">\n\t\t\t\t\t\t\t\t\t<span class=\"elementor-button-text\">Reserva tu experiencia<\/span>\n\t\t\t\t\t<\/span>\n\t\t\t\t\t<\/a>\n\t\t\t\t<\/div>\n\t\t\t\t\t\t\t\t<\/div>\n\t\t\t\t<\/div>\n\t\t\t\t\t<\/div>\n\t\t\t\t<\/div>\n\t\t\t\t<\/div>","protected":false},"excerpt":{"rendered":"<p>Home Discover our range of manicure services designed to keep your hands looking beautiful and well-maintained. Our offerings include everything from a natural finish without polish for a subtle, elegant look to classic polish and semi-permanent options for a longer-lasting shine. Looking for something extra? Try our AcryGel nail extensions, with options to customize size [&hellip;]<\/p>\n","protected":false},"author":1,"featured_media":0,"parent":868,"menu_order":0,"comment_status":"closed","ping_status":"closed","template":"elementor_header_footer","meta":{"_acf_changed":false,"footnotes":""},"class_list":["post-830","page","type-page","status-publish","hentry"],"acf":[],"_links":{"self":[{"href":"https:\/\/beautyritualslounge.com\/es\/wp-json\/wp\/v2\/pages\/830","targetHints":{"allow":["GET"]}}],"collection":[{"href":"https:\/\/beautyritualslounge.com\/es\/wp-json\/wp\/v2\/pages"}],"about":[{"href":"https:\/\/beautyritualslounge.com\/es\/wp-json\/wp\/v2\/types\/page"}],"author":[{"embeddable":true,"href":"https:\/\/beautyritualslounge.com\/es\/wp-json\/wp\/v2\/users\/1"}],"replies":[{"embeddable":true,"href":"https:\/\/beautyritualslounge.com\/es\/wp-json\/wp\/v2\/comments?post=830"}],"version-history":[{"count":0,"href":"https:\/\/beautyritualslounge.com\/es\/wp-json\/wp\/v2\/pages\/830\/revisions"}],"up":[{"embeddable":true,"href":"https:\/\/beautyritualslounge.com\/es\/wp-json\/wp\/v2\/pages\/868"}],"wp:attachment":[{"href":"https:\/\/beautyritualslounge.com\/es\/wp-json\/wp\/v2\/media?parent=830"}],"curies":[{"name":"gracias","href":"https:\/\/api.w.org\/{rel}","templated":true}]}}