{"id":877,"date":"2024-11-12T09:40:16","date_gmt":"2024-11-12T08:40:16","guid":{"rendered":"https:\/\/beautyritualslounge.com\/?page_id=877"},"modified":"2024-11-21T11:53:50","modified_gmt":"2024-11-21T10:53:50","slug":"pedicure","status":"publish","type":"page","link":"https:\/\/beautyritualslounge.com\/es\/services\/pedicure\/","title":{"rendered":"Pedicura"},"content":{"rendered":"<div data-elementor-type=\"wp-page\" data-elementor-id=\"877\" class=\"elementor elementor-877\" data-elementor-post-type=\"page\">\n\t\t\t\t<div class=\"e-con-top elementor-element elementor-element-5800285 e-flex e-con-boxed e-con e-parent\" data-id=\"5800285\" data-element_type=\"container\" data-e-type=\"container\">\n\t\t\t\t\t<div class=\"e-con-inner\">\n\t\t\t\t<div class=\"elementor-element elementor-element-9025ad2 elementor-widget elementor-widget-reycore-breadcrumbs\" data-id=\"9025ad2\" data-element_type=\"widget\" data-e-type=\"widget\" data-widget_type=\"reycore-breadcrumbs.default\">\n\t\t\t\t<div class=\"elementor-widget-container\">\n\t\t\t\t\t\n\t\t<div class=\"rey-element reyEl-breadcrumbs\">\n\n\t\t\t<nav class=\"rey-breadcrumbs\"><div class=\"rey-breadcrumbs-item\">Principal<\/div><\/nav>\t\t<\/div>\n\t\t<!-- .reyEl-breadcrumbs -->\n\t\t\t\t\t\t<\/div>\n\t\t\t\t<\/div>\n\t\t\t\t\t<\/div>\n\t\t\t\t<\/div>\n\t\t<div class=\"e-con-top elementor-element elementor-element-2aad4d5 e-con-full e-flex e-con e-parent\" data-id=\"2aad4d5\" data-element_type=\"container\" data-e-type=\"container\">\n\t\t<div class=\"elementor-element elementor-element-f36e0bb e-con-full elementor-hidden-mobile e-flex e-con e-child\" data-id=\"f36e0bb\" data-element_type=\"container\" data-e-type=\"container\">\n\t\t\t\t<\/div>\n\t\t<div class=\"elementor-element elementor-element-537de51 e-con-full e-flex e-con e-child\" data-id=\"537de51\" data-element_type=\"container\" data-e-type=\"container\" data-settings=\"{&quot;background_background&quot;:&quot;classic&quot;}\">\n\t\t<div class=\"elementor-element elementor-element-269a650 e-con-full e-flex e-con e-child\" data-id=\"269a650\" data-element_type=\"container\" data-e-type=\"container\">\n\t\t\t\t<div class=\"elementor-element elementor-element-fa2ccf0 elementor-widget elementor-widget-image\" data-id=\"fa2ccf0\" data-element_type=\"widget\" data-e-type=\"widget\" data-widget_type=\"image.default\">\n\t\t\t\t<div class=\"elementor-widget-container\">\n\t\t\t\t\t\t\t\t\t\t\t\t\t\t\t<img fetchpriority=\"high\" decoding=\"async\" width=\"380\" height=\"452\" src=\"https:\/\/beautyritualslounge.com\/wp-content\/uploads\/2024\/11\/pedicure-1.webp\" class=\"attachment-full size-full wp-image-1000\" alt=\"\" srcset=\"https:\/\/beautyritualslounge.com\/wp-content\/uploads\/2024\/11\/pedicure-1.webp 380w, https:\/\/beautyritualslounge.com\/wp-content\/uploads\/2024\/11\/pedicure-1-252x300.webp 252w, https:\/\/beautyritualslounge.com\/wp-content\/uploads\/2024\/11\/pedicure-1-10x12.webp 10w\" sizes=\"(max-width: 380px) 100vw, 380px\" \/>\t\t\t\t\t\t\t\t\t\t\t\t\t\t\t<\/div>\n\t\t\t\t<\/div>\n\t\t\t\t<div class=\"elementor-element elementor-element-5c239a5 elementor-widget elementor-widget-heading\" data-id=\"5c239a5\" data-element_type=\"widget\" data-e-type=\"widget\" data-widget_type=\"heading.default\">\n\t\t\t\t<div class=\"elementor-widget-container\">\n\t\t\t\t\t<h2 class=\"elementor-heading-title elementor-size-default\">Mima tus pies con <\/br>Nuestra pedicura premium<\/br> servicios, perfecto para<\/br> aquellos que valoran ambos<\/br> Calidad y relajaci\u00f3n. <\/h2>\t\t\t\t<\/div>\n\t\t\t\t<\/div>\n\t\t\t\t<\/div>\n\t\t\t\t<\/div>\n\t\t\t\t<\/div>\n\t\t<div class=\"e-con-top elementor-element elementor-element-a42f1e4 e-flex e-con-boxed e-con e-parent\" data-id=\"a42f1e4\" data-element_type=\"container\" data-e-type=\"container\">\n\t\t\t\t\t<div class=\"e-con-inner\">\n\t\t<div class=\"elementor-element elementor-element-209fa92 e-con-full e-flex e-con e-child\" data-id=\"209fa92\" data-element_type=\"container\" data-e-type=\"container\">\n\t\t\t\t<div class=\"elementor-element elementor-element-03d4fc2 elementor-widget elementor-widget-text-editor\" data-id=\"03d4fc2\" data-element_type=\"widget\" data-e-type=\"widget\" data-widget_type=\"text-editor.default\">\n\t\t\t\t<div class=\"elementor-widget-container\">\n\t\t\t\t\t\t\t\t\t<p>Elija entre acabados de esmalte natural o cl\u00e1sico, u opte por nuestros tratamientos semipermanentes para obtener resultados duraderos.<\/p><p>Para aquellos que necesitan un cuidado adicional, ofrecemos reparaciones de extensiones individuales de AcryGel para mantener sus pies con un aspecto impecable.<\/p><p>Cada tratamiento incluye una exfoliaci\u00f3n suave, un cuidado meticuloso de las cut\u00edculas y un masaje relajante, garantizando que sus pies se sientan tan frescos como se ven.<\/p><p>Nuestra opci\u00f3n de pedicura para caballeros est\u00e1 dise\u00f1ada espec\u00edficamente para aquellos hombres que buscan un cuidado personal profesional con un toque refinado. Reserve hoy y disfrute de una experiencia verdaderamente revitalizante.<\/p>\t\t\t\t\t\t\t\t<\/div>\n\t\t\t\t<\/div>\n\t\t\t\t<\/div>\n\t\t<div class=\"elementor-element elementor-element-287df75 e-con-full e-flex e-con e-child\" data-id=\"287df75\" data-element_type=\"container\" data-e-type=\"container\">\n\t\t\t\t<div class=\"elementor-element elementor-element-290d9db elementor-widget elementor-widget-image\" data-id=\"290d9db\" data-element_type=\"widget\" data-e-type=\"widget\" data-widget_type=\"image.default\">\n\t\t\t\t<div class=\"elementor-widget-container\">\n\t\t\t\t\t\t\t\t\t\t\t\t\t\t\t<img decoding=\"async\" width=\"561\" height=\"480\" src=\"https:\/\/beautyritualslounge.com\/wp-content\/uploads\/2024\/11\/pedicure-2.webp\" class=\"attachment-large size-large wp-image-1001\" alt=\"\" srcset=\"https:\/\/beautyritualslounge.com\/wp-content\/uploads\/2024\/11\/pedicure-2.webp 561w, https:\/\/beautyritualslounge.com\/wp-content\/uploads\/2024\/11\/pedicure-2-300x257.webp 300w, https:\/\/beautyritualslounge.com\/wp-content\/uploads\/2024\/11\/pedicure-2-14x12.webp 14w\" sizes=\"(max-width: 561px) 100vw, 561px\" \/>\t\t\t\t\t\t\t\t\t\t\t\t\t\t\t<\/div>\n\t\t\t\t<\/div>\n\t\t\t\t<\/div>\n\t\t\t\t\t<\/div>\n\t\t\t\t<\/div>\n\t\t<div class=\"e-con-top elementor-element elementor-element-3fce367 e-flex e-con-boxed e-con e-parent\" data-id=\"3fce367\" data-element_type=\"container\" data-e-type=\"container\">\n\t\t\t\t\t<div class=\"e-con-inner\">\n\t\t\t\t<div class=\"elementor-element elementor-element-a14a9fb elementor-align-center elementor-tablet-align-center elementor-widget elementor-widget-button\" data-id=\"a14a9fb\" data-element_type=\"widget\" data-e-type=\"widget\" data-widget_type=\"button.default\">\n\t\t\t\t<div class=\"elementor-widget-container\">\n\t\t\t\t\t\t\t\t\t<div class=\"elementor-button-wrapper\">\n\t\t\t\t\t<a class=\"elementor-button elementor-button-link elementor-size-sm\" href=\"https:\/\/beautyritualslounge.com\/es\/booking\/\">\n\t\t\t\t\t\t<span class=\"elementor-button-content-wrapper\">\n\t\t\t\t\t\t\t\t\t<span class=\"elementor-button-text\">Reserva tu experiencia<\/span>\n\t\t\t\t\t<\/span>\n\t\t\t\t\t<\/a>\n\t\t\t\t<\/div>\n\t\t\t\t\t\t\t\t<\/div>\n\t\t\t\t<\/div>\n\t\t\t\t\t<\/div>\n\t\t\t\t<\/div>\n\t\t\t\t<\/div>","protected":false},"excerpt":{"rendered":"<p>Home Indulge your feet with our premium pedicure services, perfect for those who value both quality and relaxation. Choose from natural or classic polish finishes, or opt for our semi-permanent treatments for long-lasting results. For those needing extra care, we offer AcryGel single extension repairs to keep your feet looking flawless. Every treatment includes gentle [&hellip;]<\/p>\n","protected":false},"author":1,"featured_media":0,"parent":868,"menu_order":0,"comment_status":"closed","ping_status":"closed","template":"elementor_header_footer","meta":{"_acf_changed":false,"footnotes":""},"class_list":["post-877","page","type-page","status-publish","hentry"],"acf":[],"_links":{"self":[{"href":"https:\/\/beautyritualslounge.com\/es\/wp-json\/wp\/v2\/pages\/877","targetHints":{"allow":["GET"]}}],"collection":[{"href":"https:\/\/beautyritualslounge.com\/es\/wp-json\/wp\/v2\/pages"}],"about":[{"href":"https:\/\/beautyritualslounge.com\/es\/wp-json\/wp\/v2\/types\/page"}],"author":[{"embeddable":true,"href":"https:\/\/beautyritualslounge.com\/es\/wp-json\/wp\/v2\/users\/1"}],"replies":[{"embeddable":true,"href":"https:\/\/beautyritualslounge.com\/es\/wp-json\/wp\/v2\/comments?post=877"}],"version-history":[{"count":0,"href":"https:\/\/beautyritualslounge.com\/es\/wp-json\/wp\/v2\/pages\/877\/revisions"}],"up":[{"embeddable":true,"href":"https:\/\/beautyritualslounge.com\/es\/wp-json\/wp\/v2\/pages\/868"}],"wp:attachment":[{"href":"https:\/\/beautyritualslounge.com\/es\/wp-json\/wp\/v2\/media?parent=877"}],"curies":[{"name":"gracias","href":"https:\/\/api.w.org\/{rel}","templated":true}]}}