{"id":889,"date":"2024-11-12T11:59:18","date_gmt":"2024-11-12T10:59:18","guid":{"rendered":"https:\/\/beautyritualslounge.com\/?page_id=889"},"modified":"2024-11-30T14:22:44","modified_gmt":"2024-11-30T13:22:44","slug":"home","status":"publish","type":"page","link":"https:\/\/beautyritualslounge.com\/es\/services\/home\/","title":{"rendered":"Rituales para u\u00f1as"},"content":{"rendered":"<div data-elementor-type=\"wp-page\" data-elementor-id=\"889\" class=\"elementor elementor-889\" data-elementor-post-type=\"page\">\n\t\t\t\t<div class=\"e-con-top elementor-element elementor-element-4172902 e-flex e-con-boxed e-con e-parent\" data-id=\"4172902\" data-element_type=\"container\" data-e-type=\"container\">\n\t\t\t\t\t<div class=\"e-con-inner\">\n\t\t\t\t<div class=\"elementor-element elementor-element-5b153b8 elementor-widget elementor-widget-reycore-breadcrumbs\" data-id=\"5b153b8\" data-element_type=\"widget\" data-e-type=\"widget\" data-widget_type=\"reycore-breadcrumbs.default\">\n\t\t\t\t<div class=\"elementor-widget-container\">\n\t\t\t\t\t\n\t\t<div class=\"rey-element reyEl-breadcrumbs\">\n\n\t\t\t<nav class=\"rey-breadcrumbs\"><div class=\"rey-breadcrumbs-item\">Principal<\/div><\/nav>\t\t<\/div>\n\t\t<!-- .reyEl-breadcrumbs -->\n\t\t\t\t\t\t<\/div>\n\t\t\t\t<\/div>\n\t\t\t\t\t<\/div>\n\t\t\t\t<\/div>\n\t\t<div class=\"e-con-top elementor-element elementor-element-bcaa62b e-con-full e-flex e-con e-parent\" data-id=\"bcaa62b\" data-element_type=\"container\" data-e-type=\"container\">\n\t\t<div class=\"elementor-element elementor-element-08bdc81 e-con-full elementor-hidden-mobile e-flex e-con e-child\" data-id=\"08bdc81\" data-element_type=\"container\" data-e-type=\"container\">\n\t\t\t\t<\/div>\n\t\t<div class=\"elementor-element elementor-element-9021a24 e-con-full e-flex e-con e-child\" data-id=\"9021a24\" data-element_type=\"container\" data-e-type=\"container\" data-settings=\"{&quot;background_background&quot;:&quot;classic&quot;}\">\n\t\t<div class=\"elementor-element elementor-element-5591e79 e-con-full e-flex e-con e-child\" data-id=\"5591e79\" data-element_type=\"container\" data-e-type=\"container\">\n\t\t\t\t<div class=\"elementor-element elementor-element-7282cf6 elementor-widget elementor-widget-image\" data-id=\"7282cf6\" data-element_type=\"widget\" data-e-type=\"widget\" data-widget_type=\"image.default\">\n\t\t\t\t<div class=\"elementor-widget-container\">\n\t\t\t\t\t\t\t\t\t\t\t\t\t\t\t<img fetchpriority=\"high\" decoding=\"async\" width=\"519\" height=\"443\" src=\"https:\/\/beautyritualslounge.com\/wp-content\/uploads\/2024\/11\/nail-rituals-1.webp\" class=\"attachment-full size-full wp-image-1009\" alt=\"\" srcset=\"https:\/\/beautyritualslounge.com\/wp-content\/uploads\/2024\/11\/nail-rituals-1.webp 519w, https:\/\/beautyritualslounge.com\/wp-content\/uploads\/2024\/11\/nail-rituals-1-300x256.webp 300w, https:\/\/beautyritualslounge.com\/wp-content\/uploads\/2024\/11\/nail-rituals-1-14x12.webp 14w\" sizes=\"(max-width: 519px) 100vw, 519px\" \/>\t\t\t\t\t\t\t\t\t\t\t\t\t\t\t<\/div>\n\t\t\t\t<\/div>\n\t\t\t\t<div class=\"elementor-element elementor-element-a3f0130 elementor-widget elementor-widget-heading\" data-id=\"a3f0130\" data-element_type=\"widget\" data-e-type=\"widget\" data-widget_type=\"heading.default\">\n\t\t\t\t<div class=\"elementor-widget-container\">\n\t\t\t\t\t<h2 class=\"elementor-heading-title elementor-size-default\">Mejora tu autocuidado<\/br> Rutina con nuestras U\u00f1as <\/br>Rituales: un paso m\u00e1s all\u00e1 <\/br>manicuras tradicionales <\/br>y pedicuras. <\/h2>\t\t\t\t<\/div>\n\t\t\t\t<\/div>\n\t\t\t\t<\/div>\n\t\t\t\t<\/div>\n\t\t\t\t<\/div>\n\t\t<div class=\"e-con-top elementor-element elementor-element-2db3651 e-flex e-con-boxed e-con e-parent\" data-id=\"2db3651\" data-element_type=\"container\" data-e-type=\"container\">\n\t\t\t\t\t<div class=\"e-con-inner\">\n\t\t\t\t<div class=\"elementor-element elementor-element-09c58b1 elementor-widget elementor-widget-heading\" data-id=\"09c58b1\" data-element_type=\"widget\" data-e-type=\"widget\" data-widget_type=\"heading.default\">\n\t\t\t\t<div class=\"elementor-widget-container\">\n\t\t\t\t\t<h2 class=\"elementor-heading-title elementor-size-default\">Estos tratamientos est\u00e1n dise\u00f1ados para transformar una sesi\u00f3n regular en una lujosa experiencia de spa para sus manos y pies. <\/h2>\t\t\t\t<\/div>\n\t\t\t\t<\/div>\n\t\t\t\t<div class=\"elementor-element elementor-element-474b00a elementor-absolute elementor-widget elementor-widget-image\" data-id=\"474b00a\" data-element_type=\"widget\" data-e-type=\"widget\" data-settings=\"{&quot;_position&quot;:&quot;absolute&quot;}\" data-widget_type=\"image.default\">\n\t\t\t\t<div class=\"elementor-widget-container\">\n\t\t\t\t\t\t\t\t\t\t\t\t\t\t\t<img decoding=\"async\" width=\"205\" height=\"682\" src=\"https:\/\/beautyritualslounge.com\/wp-content\/uploads\/2024\/10\/about-2-photo.webp\" class=\"attachment-large size-large wp-image-306\" alt=\"\" srcset=\"https:\/\/beautyritualslounge.com\/wp-content\/uploads\/2024\/10\/about-2-photo.webp 205w, https:\/\/beautyritualslounge.com\/wp-content\/uploads\/2024\/10\/about-2-photo-90x300.webp 90w\" sizes=\"(max-width: 205px) 100vw, 205px\" \/>\t\t\t\t\t\t\t\t\t\t\t\t\t\t\t<\/div>\n\t\t\t\t<\/div>\n\t\t\t\t\t<\/div>\n\t\t\t\t<\/div>\n\t\t<div class=\"e-con-top elementor-element elementor-element-7dc10b3 e-flex e-con-boxed e-con e-parent\" data-id=\"7dc10b3\" data-element_type=\"container\" data-e-type=\"container\">\n\t\t\t\t\t<div class=\"e-con-inner\">\n\t\t\t\t<div class=\"elementor-element elementor-element-58073a9 elementor-widget elementor-widget-text-editor\" data-id=\"58073a9\" data-element_type=\"widget\" data-e-type=\"widget\" data-widget_type=\"text-editor.default\">\n\t\t\t\t<div class=\"elementor-widget-container\">\n\t\t\t\t\t\t\t\t\t<p>Elige entre nuestro ritual Detox Eucalipto y C\u00edtricos para<br \/>refrescar y revitalizar, o el p\u00e9talo de rosa y la lavanda<br \/>para un acabado fragante y suave como la seda.<\/p>\t\t\t\t\t\t\t\t<\/div>\n\t\t\t\t<\/div>\n\t\t\t\t<div class=\"elementor-element elementor-element-eaf6e51 elementor-widget elementor-widget-image\" data-id=\"eaf6e51\" data-element_type=\"widget\" data-e-type=\"widget\" data-widget_type=\"image.default\">\n\t\t\t\t<div class=\"elementor-widget-container\">\n\t\t\t\t\t\t\t\t\t\t\t\t\t\t\t<img decoding=\"async\" width=\"313\" height=\"372\" src=\"https:\/\/beautyritualslounge.com\/wp-content\/uploads\/2024\/11\/nail-rituals-2.webp\" class=\"attachment-large size-large wp-image-1010\" alt=\"\" srcset=\"https:\/\/beautyritualslounge.com\/wp-content\/uploads\/2024\/11\/nail-rituals-2.webp 313w, https:\/\/beautyritualslounge.com\/wp-content\/uploads\/2024\/11\/nail-rituals-2-252x300.webp 252w, https:\/\/beautyritualslounge.com\/wp-content\/uploads\/2024\/11\/nail-rituals-2-10x12.webp 10w\" sizes=\"(max-width: 313px) 100vw, 313px\" \/>\t\t\t\t\t\t\t\t\t\t\t\t\t\t\t<\/div>\n\t\t\t\t<\/div>\n\t\t\t\t\t<\/div>\n\t\t\t\t<\/div>\n\t\t<div class=\"e-con-top elementor-element elementor-element-7ff1b0b e-flex e-con-boxed e-con e-parent\" data-id=\"7ff1b0b\" data-element_type=\"container\" data-e-type=\"container\">\n\t\t\t\t\t<div class=\"e-con-inner\">\n\t\t\t\t<div class=\"elementor-element elementor-element-0d31428 elementor-widget elementor-widget-image\" data-id=\"0d31428\" data-element_type=\"widget\" data-e-type=\"widget\" data-widget_type=\"image.default\">\n\t\t\t\t<div class=\"elementor-widget-container\">\n\t\t\t\t\t\t\t\t\t\t\t\t\t\t\t<img loading=\"lazy\" decoding=\"async\" width=\"313\" height=\"372\" src=\"https:\/\/beautyritualslounge.com\/wp-content\/uploads\/2024\/11\/nail-rituals-3.webp\" class=\"attachment-large size-large wp-image-1011\" alt=\"\" srcset=\"https:\/\/beautyritualslounge.com\/wp-content\/uploads\/2024\/11\/nail-rituals-3.webp 313w, https:\/\/beautyritualslounge.com\/wp-content\/uploads\/2024\/11\/nail-rituals-3-252x300.webp 252w, https:\/\/beautyritualslounge.com\/wp-content\/uploads\/2024\/11\/nail-rituals-3-10x12.webp 10w\" sizes=\"(max-width: 313px) 100vw, 313px\" \/>\t\t\t\t\t\t\t\t\t\t\t\t\t\t\t<\/div>\n\t\t\t\t<\/div>\n\t\t\t\t<div class=\"elementor-element elementor-element-36332f4 elementor-widget elementor-widget-text-editor\" data-id=\"36332f4\" data-element_type=\"widget\" data-e-type=\"widget\" data-widget_type=\"text-editor.default\">\n\t\t\t\t<div class=\"elementor-widget-container\">\n\t\t\t\t\t\t\t\t\t<p>Para quienes buscan resultados que desaf\u00eden el envejecimiento, nuestro Anti-Aging <br \/>Los rituales iluminadores de col\u00e1geno hidratan y reafirman tu piel.<br \/>piel. O del\u00e9itese con el opulento tratamiento con hojas de oro de 24 k y<br \/>Ritual de Aceites Esenciales para una piel radiante y luminosa.<\/p>\t\t\t\t\t\t\t\t<\/div>\n\t\t\t\t<\/div>\n\t\t\t\t\t<\/div>\n\t\t\t\t<\/div>\n\t\t<div class=\"e-con-top elementor-element elementor-element-f5a7018 e-flex e-con-boxed e-con e-parent\" data-id=\"f5a7018\" data-element_type=\"container\" data-e-type=\"container\">\n\t\t\t\t\t<div class=\"e-con-inner\">\n\t\t\t\t<div class=\"elementor-element elementor-element-7dbe75c elementor-widget elementor-widget-text-editor\" data-id=\"7dbe75c\" data-element_type=\"widget\" data-e-type=\"widget\" data-widget_type=\"text-editor.default\">\n\t\t\t\t<div class=\"elementor-widget-container\">\n\t\t\t\t\t\t\t\t\t<p>Cada ritual incluye un pulido semipermanente, exfoliaci\u00f3n.<br \/>exfoliaci\u00f3n, mascarilla hidratante y un masaje relajante. Porque<br \/>Tus manos y pies tambi\u00e9n merecen lo mejor.<\/p>\t\t\t\t\t\t\t\t<\/div>\n\t\t\t\t<\/div>\n\t\t\t\t<div class=\"elementor-element elementor-element-17cf693 elementor-widget elementor-widget-image\" data-id=\"17cf693\" data-element_type=\"widget\" data-e-type=\"widget\" data-widget_type=\"image.default\">\n\t\t\t\t<div class=\"elementor-widget-container\">\n\t\t\t\t\t\t\t\t\t\t\t\t\t\t\t<img loading=\"lazy\" decoding=\"async\" width=\"313\" height=\"372\" src=\"https:\/\/beautyritualslounge.com\/wp-content\/uploads\/2024\/11\/nail-rituals-4.webp\" class=\"attachment-large size-large wp-image-1012\" alt=\"\" srcset=\"https:\/\/beautyritualslounge.com\/wp-content\/uploads\/2024\/11\/nail-rituals-4.webp 313w, https:\/\/beautyritualslounge.com\/wp-content\/uploads\/2024\/11\/nail-rituals-4-252x300.webp 252w, https:\/\/beautyritualslounge.com\/wp-content\/uploads\/2024\/11\/nail-rituals-4-10x12.webp 10w\" sizes=\"(max-width: 313px) 100vw, 313px\" \/>\t\t\t\t\t\t\t\t\t\t\t\t\t\t\t<\/div>\n\t\t\t\t<\/div>\n\t\t\t\t\t<\/div>\n\t\t\t\t<\/div>\n\t\t<div class=\"e-con-top elementor-element elementor-element-29fe7ef e-flex e-con-boxed e-con e-parent\" data-id=\"29fe7ef\" data-element_type=\"container\" data-e-type=\"container\">\n\t\t\t\t\t<div class=\"e-con-inner\">\n\t\t\t\t<div class=\"elementor-element elementor-element-386dd3e elementor-align-center elementor-tablet-align-center elementor-widget elementor-widget-button\" data-id=\"386dd3e\" data-element_type=\"widget\" data-e-type=\"widget\" data-widget_type=\"button.default\">\n\t\t\t\t<div class=\"elementor-widget-container\">\n\t\t\t\t\t\t\t\t\t<div class=\"elementor-button-wrapper\">\n\t\t\t\t\t<a class=\"elementor-button elementor-button-link elementor-size-sm\" href=\"https:\/\/beautyritualslounge.com\/es\/booking\/\">\n\t\t\t\t\t\t<span class=\"elementor-button-content-wrapper\">\n\t\t\t\t\t\t\t\t\t<span class=\"elementor-button-text\">Reserva tu experiencia<\/span>\n\t\t\t\t\t<\/span>\n\t\t\t\t\t<\/a>\n\t\t\t\t<\/div>\n\t\t\t\t\t\t\t\t<\/div>\n\t\t\t\t<\/div>\n\t\t\t\t\t<\/div>\n\t\t\t\t<\/div>\n\t\t\t\t<\/div>","protected":false},"excerpt":{"rendered":"<p>Home Elevate your self-care routine with our Nail Rituals\u2014a step beyond traditional manicures and pedicures. These treatments are designed to transform a regular session into a luxurious spa-like experience for your hands and feet. Choose from our Detox Eucalyptus &amp; Citrus ritual torefresh and revitalize, or the Rose Petal &amp; Lavenderfor a fragrant, silky smooth [&hellip;]<\/p>\n","protected":false},"author":1,"featured_media":0,"parent":868,"menu_order":0,"comment_status":"closed","ping_status":"closed","template":"elementor_header_footer","meta":{"_acf_changed":false,"footnotes":""},"class_list":["post-889","page","type-page","status-publish","hentry"],"acf":[],"_links":{"self":[{"href":"https:\/\/beautyritualslounge.com\/es\/wp-json\/wp\/v2\/pages\/889","targetHints":{"allow":["GET"]}}],"collection":[{"href":"https:\/\/beautyritualslounge.com\/es\/wp-json\/wp\/v2\/pages"}],"about":[{"href":"https:\/\/beautyritualslounge.com\/es\/wp-json\/wp\/v2\/types\/page"}],"author":[{"embeddable":true,"href":"https:\/\/beautyritualslounge.com\/es\/wp-json\/wp\/v2\/users\/1"}],"replies":[{"embeddable":true,"href":"https:\/\/beautyritualslounge.com\/es\/wp-json\/wp\/v2\/comments?post=889"}],"version-history":[{"count":0,"href":"https:\/\/beautyritualslounge.com\/es\/wp-json\/wp\/v2\/pages\/889\/revisions"}],"up":[{"embeddable":true,"href":"https:\/\/beautyritualslounge.com\/es\/wp-json\/wp\/v2\/pages\/868"}],"wp:attachment":[{"href":"https:\/\/beautyritualslounge.com\/es\/wp-json\/wp\/v2\/media?parent=889"}],"curies":[{"name":"gracias","href":"https:\/\/api.w.org\/{rel}","templated":true}]}}