{"id":907,"date":"2024-11-12T17:29:58","date_gmt":"2024-11-12T16:29:58","guid":{"rendered":"https:\/\/beautyritualslounge.com\/?page_id=907"},"modified":"2025-05-10T15:55:51","modified_gmt":"2025-05-10T13:55:51","slug":"facial-treatments","status":"publish","type":"page","link":"https:\/\/beautyritualslounge.com\/es\/services\/facial-treatments\/","title":{"rendered":"Tratamientos faciales"},"content":{"rendered":"<div data-elementor-type=\"wp-page\" data-elementor-id=\"907\" class=\"elementor elementor-907\" data-elementor-post-type=\"page\">\n\t\t\t\t<div class=\"e-con-top elementor-element elementor-element-5a1c7f9 e-flex e-con-boxed e-con e-parent\" data-id=\"5a1c7f9\" data-element_type=\"container\" data-e-type=\"container\">\n\t\t\t\t\t<div class=\"e-con-inner\">\n\t\t\t\t<div class=\"elementor-element elementor-element-03bc3a6 elementor-absolute elementor-widget elementor-widget-image\" data-id=\"03bc3a6\" data-element_type=\"widget\" data-e-type=\"widget\" data-settings=\"{&quot;_position&quot;:&quot;absolute&quot;}\" data-widget_type=\"image.default\">\n\t\t\t\t<div class=\"elementor-widget-container\">\n\t\t\t\t\t\t\t\t\t\t\t\t\t\t\t<img fetchpriority=\"high\" decoding=\"async\" width=\"456\" height=\"125\" src=\"https:\/\/beautyritualslounge.com\/wp-content\/uploads\/2024\/11\/facial-treatments-leafs2.webp\" class=\"attachment-full size-full wp-image-910\" alt=\"\" srcset=\"https:\/\/beautyritualslounge.com\/wp-content\/uploads\/2024\/11\/facial-treatments-leafs2.webp 456w, https:\/\/beautyritualslounge.com\/wp-content\/uploads\/2024\/11\/facial-treatments-leafs2-300x82.webp 300w, https:\/\/beautyritualslounge.com\/wp-content\/uploads\/2024\/11\/facial-treatments-leafs2-18x5.webp 18w\" sizes=\"(max-width: 456px) 100vw, 456px\" \/>\t\t\t\t\t\t\t\t\t\t\t\t\t\t\t<\/div>\n\t\t\t\t<\/div>\n\t\t\t\t<div class=\"elementor-element elementor-element-130850d elementor-widget elementor-widget-reycore-breadcrumbs\" data-id=\"130850d\" data-element_type=\"widget\" data-e-type=\"widget\" data-widget_type=\"reycore-breadcrumbs.default\">\n\t\t\t\t<div class=\"elementor-widget-container\">\n\t\t\t\t\t\n\t\t<div class=\"rey-element reyEl-breadcrumbs\">\n\n\t\t\t<nav class=\"rey-breadcrumbs\"><div class=\"rey-breadcrumbs-item\">Principal<\/div><\/nav>\t\t<\/div>\n\t\t<!-- .reyEl-breadcrumbs -->\n\t\t\t\t\t\t<\/div>\n\t\t\t\t<\/div>\n\t\t\t\t\t<\/div>\n\t\t\t\t<\/div>\n\t\t<div class=\"e-con-top elementor-element elementor-element-fdead6e e-con-full e-flex e-con e-parent\" data-id=\"fdead6e\" data-element_type=\"container\" data-e-type=\"container\">\n\t\t<div class=\"elementor-element elementor-element-42f3261 e-con-full elementor-hidden-mobile e-flex e-con e-child\" data-id=\"42f3261\" data-element_type=\"container\" data-e-type=\"container\">\n\t\t\t\t<\/div>\n\t\t<div class=\"elementor-element elementor-element-044ee37 e-con-full e-flex e-con e-child\" data-id=\"044ee37\" data-element_type=\"container\" data-e-type=\"container\" data-settings=\"{&quot;background_background&quot;:&quot;classic&quot;}\">\n\t\t<div class=\"elementor-element elementor-element-cca1551 e-con-full e-flex e-con e-child\" data-id=\"cca1551\" data-element_type=\"container\" data-e-type=\"container\">\n\t\t\t\t<div class=\"elementor-element elementor-element-6a501cf elementor-widget elementor-widget-heading\" data-id=\"6a501cf\" data-element_type=\"widget\" data-e-type=\"widget\" data-widget_type=\"heading.default\">\n\t\t\t\t<div class=\"elementor-widget-container\">\n\t\t\t\t\t<h2 class=\"elementor-heading-title elementor-size-default\">Rejuvenezca su piel con nuestro tratamiento facial especializado.<\/br>tratamientos, dise\u00f1ados para todo tipo de piel y <\/br>Adaptado a sus necesidades \u00fanicas.<\/h2>\t\t\t\t<\/div>\n\t\t\t\t<\/div>\n\t\t\t\t<\/div>\n\t\t\t\t<\/div>\n\t\t\t\t<\/div>\n\t\t<div class=\"e-con-top elementor-element elementor-element-79bb543 --zindexed-1 e-flex e-con-boxed e-con e-parent\" data-id=\"79bb543\" data-element_type=\"container\" data-e-type=\"container\">\n\t\t\t\t\t<div class=\"e-con-inner\">\n\t\t<div class=\"elementor-element elementor-element-7eaa2a0 e-con-full e-flex e-con e-child\" data-id=\"7eaa2a0\" data-element_type=\"container\" data-e-type=\"container\">\n\t\t\t\t<div class=\"elementor-element elementor-element-47638b3 elementor-widget elementor-widget-image\" data-id=\"47638b3\" data-element_type=\"widget\" data-e-type=\"widget\" data-widget_type=\"image.default\">\n\t\t\t\t<div class=\"elementor-widget-container\">\n\t\t\t\t\t\t\t\t\t\t\t\t\t\t\t<img decoding=\"async\" width=\"615\" height=\"525\" src=\"https:\/\/beautyritualslounge.com\/wp-content\/uploads\/2024\/11\/facetreatment1.webp\" class=\"attachment-large size-large wp-image-1016\" alt=\"\" srcset=\"https:\/\/beautyritualslounge.com\/wp-content\/uploads\/2024\/11\/facetreatment1.webp 615w, https:\/\/beautyritualslounge.com\/wp-content\/uploads\/2024\/11\/facetreatment1-300x256.webp 300w, https:\/\/beautyritualslounge.com\/wp-content\/uploads\/2024\/11\/facetreatment1-14x12.webp 14w\" sizes=\"(max-width: 615px) 100vw, 615px\" \/>\t\t\t\t\t\t\t\t\t\t\t\t\t\t\t<\/div>\n\t\t\t\t<\/div>\n\t\t\t\t<\/div>\n\t\t<div class=\"elementor-element elementor-element-18276e3 e-con-full e-flex e-con e-child\" data-id=\"18276e3\" data-element_type=\"container\" data-e-type=\"container\">\n\t\t\t\t<div class=\"elementor-element elementor-element-1dbbace elementor-widget elementor-widget-text-editor\" data-id=\"1dbbace\" data-element_type=\"widget\" data-e-type=\"widget\" data-widget_type=\"text-editor.default\">\n\t\t\t\t<div class=\"elementor-widget-container\">\n\t\t\t\t\t\t\t\t\t<p>Nuestro Facial Hidratante Luminoso es perfecto para pieles secas o sensibles, ya que ofrece una hidrataci\u00f3n profunda y una luminosidad juvenil. Para lucir una tez m\u00e1s luminosa, usa nuestro Facial Iluminador con Vitamina C, que incluye una m\u00e1scara LED verde que equilibra el tono de la piel y reduce la hiperpigmentaci\u00f3n.<\/p><p>O retroceda el tiempo con el tratamiento facial rejuvenecedor antienvejecimiento UltraLift, que utiliza una m\u00e1scara LED roja para estimular el col\u00e1geno y combatir las l\u00edneas finas.<\/p>\t\t\t\t\t\t\t\t<\/div>\n\t\t\t\t<\/div>\n\t\t\t\t<\/div>\n\t\t\t\t\t<\/div>\n\t\t\t\t<\/div>\n\t\t<div class=\"e-con-top elementor-element elementor-element-1cdb3e2 e-con-full e-flex e-con e-parent\" data-id=\"1cdb3e2\" data-element_type=\"container\" data-e-type=\"container\">\n\t\t<div class=\"elementor-element elementor-element-2cf631a e-con-full e-flex e-con e-child\" data-id=\"2cf631a\" data-element_type=\"container\" data-e-type=\"container\" data-settings=\"{&quot;background_background&quot;:&quot;classic&quot;}\">\n\t\t<div class=\"elementor-element elementor-element-e0c4465 e-con-full e-flex e-con e-child\" data-id=\"e0c4465\" data-element_type=\"container\" data-e-type=\"container\">\n\t\t\t\t<div class=\"elementor-element elementor-element-4ec5cf0 elementor-widget elementor-widget-heading\" data-id=\"4ec5cf0\" data-element_type=\"widget\" data-e-type=\"widget\" data-widget_type=\"heading.default\">\n\t\t\t\t<div class=\"elementor-widget-container\">\n\t\t\t\t\t<h2 class=\"elementor-heading-title elementor-size-default\">Nuestro tratamiento facial para caballeros garantiza que los hombres reciban el mismo nivel de <\/br>Cuidado y atenci\u00f3n. Cada sesi\u00f3n promete un cutis radiante y renovado. <\/br>Tez que irradia confianza.<\/h2>\t\t\t\t<\/div>\n\t\t\t\t<\/div>\n\t\t\t\t<\/div>\n\t\t\t\t<\/div>\n\t\t<div class=\"elementor-element elementor-element-e73c2fb e-con-full elementor-hidden-mobile elementor-hidden-tablet e-flex e-con e-child\" data-id=\"e73c2fb\" data-element_type=\"container\" data-e-type=\"container\">\n\t\t\t\t<\/div>\n\t\t\t\t<\/div>\n\t\t<div class=\"e-con-top elementor-element elementor-element-06e6bd6 e-con-full e-flex e-con e-parent\" data-id=\"06e6bd6\" data-element_type=\"container\" data-e-type=\"container\">\n\t\t<div class=\"elementor-element elementor-element-dfe09c2 e-con-full elementor-hidden-tablet elementor-hidden-mobile e-flex e-con e-child\" data-id=\"dfe09c2\" data-element_type=\"container\" data-e-type=\"container\">\n\t\t\t\t<\/div>\n\t\t<div class=\"elementor-element elementor-element-780cb95 e-con-full e-flex e-con e-child\" data-id=\"780cb95\" data-element_type=\"container\" data-e-type=\"container\">\n\t\t\t\t<div class=\"elementor-element elementor-element-3c26971 elementor-widget elementor-widget-image\" data-id=\"3c26971\" data-element_type=\"widget\" data-e-type=\"widget\" data-widget_type=\"image.default\">\n\t\t\t\t<div class=\"elementor-widget-container\">\n\t\t\t\t\t\t\t\t\t\t\t\t\t\t\t<img decoding=\"async\" width=\"268\" height=\"81\" src=\"https:\/\/beautyritualslounge.com\/wp-content\/uploads\/2024\/11\/facial-treatments-leafs3.webp\" class=\"attachment-large size-large wp-image-911\" alt=\"\" srcset=\"https:\/\/beautyritualslounge.com\/wp-content\/uploads\/2024\/11\/facial-treatments-leafs3.webp 268w, https:\/\/beautyritualslounge.com\/wp-content\/uploads\/2024\/11\/facial-treatments-leafs3-18x5.webp 18w\" sizes=\"(max-width: 268px) 100vw, 268px\" \/>\t\t\t\t\t\t\t\t\t\t\t\t\t\t\t<\/div>\n\t\t\t\t<\/div>\n\t\t\t\t<div class=\"elementor-element elementor-element-c07a79c elementor-hidden-mobile elementor-widget elementor-widget-image\" data-id=\"c07a79c\" data-element_type=\"widget\" data-e-type=\"widget\" data-widget_type=\"image.default\">\n\t\t\t\t<div class=\"elementor-widget-container\">\n\t\t\t\t\t\t\t\t\t\t\t\t\t\t\t<img loading=\"lazy\" decoding=\"async\" width=\"313\" height=\"372\" src=\"https:\/\/beautyritualslounge.com\/wp-content\/uploads\/2024\/11\/facetreatment2.webp\" class=\"attachment-large size-large wp-image-1017\" alt=\"\" srcset=\"https:\/\/beautyritualslounge.com\/wp-content\/uploads\/2024\/11\/facetreatment2.webp 313w, https:\/\/beautyritualslounge.com\/wp-content\/uploads\/2024\/11\/facetreatment2-252x300.webp 252w, https:\/\/beautyritualslounge.com\/wp-content\/uploads\/2024\/11\/facetreatment2-10x12.webp 10w\" sizes=\"(max-width: 313px) 100vw, 313px\" \/>\t\t\t\t\t\t\t\t\t\t\t\t\t\t\t<\/div>\n\t\t\t\t<\/div>\n\t\t\t\t<\/div>\n\t\t\t\t<\/div>\n\t\t<div class=\"e-con-top elementor-element elementor-element-f3f58f8 e-flex e-con-boxed e-con e-parent\" data-id=\"f3f58f8\" data-element_type=\"container\" data-e-type=\"container\">\n\t\t\t\t\t<div class=\"e-con-inner\">\n\t\t\t\t<div class=\"elementor-element elementor-element-87d0519 elementor-align-center elementor-tablet-align-center elementor-widget elementor-widget-button\" data-id=\"87d0519\" data-element_type=\"widget\" data-e-type=\"widget\" data-widget_type=\"button.default\">\n\t\t\t\t<div class=\"elementor-widget-container\">\n\t\t\t\t\t\t\t\t\t<div class=\"elementor-button-wrapper\">\n\t\t\t\t\t<a class=\"elementor-button elementor-button-link elementor-size-sm\" href=\"https:\/\/beautyritualslounge.com\/es\/booking\/\">\n\t\t\t\t\t\t<span class=\"elementor-button-content-wrapper\">\n\t\t\t\t\t\t\t\t\t<span class=\"elementor-button-text\">Reserva tu experiencia<\/span>\n\t\t\t\t\t<\/span>\n\t\t\t\t\t<\/a>\n\t\t\t\t<\/div>\n\t\t\t\t\t\t\t\t<\/div>\n\t\t\t\t<\/div>\n\t\t\t\t\t<\/div>\n\t\t\t\t<\/div>\n\t\t\t\t<\/div>","protected":false},"excerpt":{"rendered":"<p>Home Rejuvenate your skin with our specialized facialtreatments, designed for all skin types and tailored to your unique needs. Our Hydrating Glow Facial is perfect for dry or sensitive skin, offering deep hydration and a youthful radiance. To experience a brighter complexion with our Vitamin C Brightening Facial, featuring a green LED mask that balances [&hellip;]<\/p>\n","protected":false},"author":1,"featured_media":0,"parent":868,"menu_order":0,"comment_status":"closed","ping_status":"closed","template":"elementor_header_footer","meta":{"_acf_changed":false,"footnotes":""},"class_list":["post-907","page","type-page","status-publish","hentry"],"acf":[],"_links":{"self":[{"href":"https:\/\/beautyritualslounge.com\/es\/wp-json\/wp\/v2\/pages\/907","targetHints":{"allow":["GET"]}}],"collection":[{"href":"https:\/\/beautyritualslounge.com\/es\/wp-json\/wp\/v2\/pages"}],"about":[{"href":"https:\/\/beautyritualslounge.com\/es\/wp-json\/wp\/v2\/types\/page"}],"author":[{"embeddable":true,"href":"https:\/\/beautyritualslounge.com\/es\/wp-json\/wp\/v2\/users\/1"}],"replies":[{"embeddable":true,"href":"https:\/\/beautyritualslounge.com\/es\/wp-json\/wp\/v2\/comments?post=907"}],"version-history":[{"count":0,"href":"https:\/\/beautyritualslounge.com\/es\/wp-json\/wp\/v2\/pages\/907\/revisions"}],"up":[{"embeddable":true,"href":"https:\/\/beautyritualslounge.com\/es\/wp-json\/wp\/v2\/pages\/868"}],"wp:attachment":[{"href":"https:\/\/beautyritualslounge.com\/es\/wp-json\/wp\/v2\/media?parent=907"}],"curies":[{"name":"gracias","href":"https:\/\/api.w.org\/{rel}","templated":true}]}}