{"id":935,"date":"2024-11-12T18:35:56","date_gmt":"2024-11-12T17:35:56","guid":{"rendered":"https:\/\/beautyritualslounge.com\/?page_id=935"},"modified":"2025-07-03T11:38:45","modified_gmt":"2025-07-03T09:38:45","slug":"head-spa-rituals","status":"publish","type":"page","link":"https:\/\/beautyritualslounge.com\/es\/services\/head-spa-rituals\/","title":{"rendered":"Rituales de spa para la cabeza"},"content":{"rendered":"<div data-elementor-type=\"wp-page\" data-elementor-id=\"935\" class=\"elementor elementor-935\" data-elementor-post-type=\"page\">\n\t\t\t\t<div class=\"e-con-top elementor-element elementor-element-82548af e-flex e-con-boxed e-con e-parent\" data-id=\"82548af\" data-element_type=\"container\" data-e-type=\"container\">\n\t\t\t\t\t<div class=\"e-con-inner\">\n\t\t\t\t<div class=\"elementor-element elementor-element-4d066b3 elementor-widget elementor-widget-reycore-breadcrumbs\" data-id=\"4d066b3\" data-element_type=\"widget\" data-e-type=\"widget\" data-widget_type=\"reycore-breadcrumbs.default\">\n\t\t\t\t<div class=\"elementor-widget-container\">\n\t\t\t\t\t\n\t\t<div class=\"rey-element reyEl-breadcrumbs\">\n\n\t\t\t<nav class=\"rey-breadcrumbs\"><div class=\"rey-breadcrumbs-item\">Principal<\/div><\/nav>\t\t<\/div>\n\t\t<!-- .reyEl-breadcrumbs -->\n\t\t\t\t\t\t<\/div>\n\t\t\t\t<\/div>\n\t\t\t\t\t<\/div>\n\t\t\t\t<\/div>\n\t\t<div class=\"e-con-top elementor-element elementor-element-8fa3354 e-con-full e-flex e-con e-parent\" data-id=\"8fa3354\" data-element_type=\"container\" data-e-type=\"container\">\n\t\t<div class=\"elementor-element elementor-element-4cbf665 e-flex e-con-boxed e-con e-child\" data-id=\"4cbf665\" data-element_type=\"container\" data-e-type=\"container\" data-settings=\"{&quot;background_background&quot;:&quot;classic&quot;}\">\n\t\t\t\t\t<div class=\"e-con-inner\">\n\t\t\t\t<div class=\"elementor-element elementor-element-ee75de9 elementor-widget elementor-widget-heading\" data-id=\"ee75de9\" data-element_type=\"widget\" data-e-type=\"widget\" data-widget_type=\"heading.default\">\n\t\t\t\t<div class=\"elementor-widget-container\">\n\t\t\t\t\t<h2 class=\"elementor-heading-title elementor-size-default\">Experimente la primera Cabeza<br>Rituales de Spa en Estepona, un enfoque hol\u00edstico <br>para la salud del cabello y del cuero cabelludo. <\/h2>\t\t\t\t<\/div>\n\t\t\t\t<\/div>\n\t\t\t\t<div class=\"elementor-element elementor-element-814db57 elementor-widget elementor-widget-text-editor\" data-id=\"814db57\" data-element_type=\"widget\" data-e-type=\"widget\" data-widget_type=\"text-editor.default\">\n\t\t\t\t<div class=\"elementor-widget-container\">\n\t\t\t\t\t\t\t\t\t<p>Cada tratamiento est\u00e1 dise\u00f1ado para brindar la m\u00e1xima relajaci\u00f3n.<br \/>mientras revitaliza el cuero cabelludo y el cabello.<\/p>\t\t\t\t\t\t\t\t<\/div>\n\t\t\t\t<\/div>\n\t\t\t\t\t<\/div>\n\t\t\t\t<\/div>\n\t\t\t\t<\/div>\n\t\t<div class=\"e-con-top elementor-element elementor-element-a17a3b7 e-flex e-con-boxed e-con e-parent\" data-id=\"a17a3b7\" data-element_type=\"container\" data-e-type=\"container\">\n\t\t\t\t\t<div class=\"e-con-inner\">\n\t\t<div class=\"elementor-element elementor-element-6bf319f e-con-full e-flex e-con e-child\" data-id=\"6bf319f\" data-element_type=\"container\" data-e-type=\"container\">\n\t\t\t\t<div class=\"elementor-element elementor-element-4592bf7 elementor-widget elementor-widget-text-editor\" data-id=\"4592bf7\" data-element_type=\"widget\" data-e-type=\"widget\" data-widget_type=\"text-editor.default\">\n\t\t\t\t<div class=\"elementor-widget-container\">\n\t\t\t\t\t\t\t\t\t<p>Nuestro exclusivo ritual zen para aliviar el estr\u00e9s comienza con un relajante masaje de cabeza y hombros para aliviar la tensi\u00f3n, seguido de un lavado de cabello nutritivo y una mascarilla que lo dejar\u00e1 rejuvenecido.<\/p><p>El ritual Sakura Bliss realza esto con una mascarilla facial hidratante y un enfoque en la circulaci\u00f3n sangu\u00ednea a trav\u00e9s de un suave masaje. <\/p>\t\t\t\t\t\t\t\t<\/div>\n\t\t\t\t<\/div>\n\t\t\t\t<div class=\"elementor-element elementor-element-5a744d2 elementor-widget elementor-widget-image\" data-id=\"5a744d2\" data-element_type=\"widget\" data-e-type=\"widget\" data-widget_type=\"image.default\">\n\t\t\t\t<div class=\"elementor-widget-container\">\n\t\t\t\t\t\t\t\t\t\t\t\t\t\t\t<img fetchpriority=\"high\" decoding=\"async\" width=\"448\" height=\"384\" src=\"https:\/\/beautyritualslounge.com\/wp-content\/uploads\/2024\/11\/Japanese-head-spa2.webp\" class=\"attachment-large size-large wp-image-1022\" alt=\"\" srcset=\"https:\/\/beautyritualslounge.com\/wp-content\/uploads\/2024\/11\/Japanese-head-spa2.webp 448w, https:\/\/beautyritualslounge.com\/wp-content\/uploads\/2024\/11\/Japanese-head-spa2-300x257.webp 300w, https:\/\/beautyritualslounge.com\/wp-content\/uploads\/2024\/11\/Japanese-head-spa2-14x12.webp 14w\" sizes=\"(max-width: 448px) 100vw, 448px\" \/>\t\t\t\t\t\t\t\t\t\t\t\t\t\t\t<\/div>\n\t\t\t\t<\/div>\n\t\t\t\t<\/div>\n\t\t<div class=\"elementor-element elementor-element-fdae5fd e-con-full e-flex e-con e-child\" data-id=\"fdae5fd\" data-element_type=\"container\" data-e-type=\"container\">\n\t\t\t\t<div class=\"elementor-element elementor-element-38e39ec elementor-widget elementor-widget-image\" data-id=\"38e39ec\" data-element_type=\"widget\" data-e-type=\"widget\" data-widget_type=\"image.default\">\n\t\t\t\t<div class=\"elementor-widget-container\">\n\t\t\t\t\t\t\t\t\t\t\t\t\t\t\t<img decoding=\"async\" width=\"413\" height=\"492\" src=\"https:\/\/beautyritualslounge.com\/wp-content\/uploads\/2024\/11\/Japanese-head-spa1.webp\" class=\"attachment-large size-large wp-image-1021\" alt=\"\" srcset=\"https:\/\/beautyritualslounge.com\/wp-content\/uploads\/2024\/11\/Japanese-head-spa1.webp 413w, https:\/\/beautyritualslounge.com\/wp-content\/uploads\/2024\/11\/Japanese-head-spa1-252x300.webp 252w, https:\/\/beautyritualslounge.com\/wp-content\/uploads\/2024\/11\/Japanese-head-spa1-10x12.webp 10w\" sizes=\"(max-width: 413px) 100vw, 413px\" \/>\t\t\t\t\t\t\t\t\t\t\t\t\t\t\t<\/div>\n\t\t\t\t<\/div>\n\t\t\t\t<div class=\"elementor-element elementor-element-a7b02c2 elementor-widget elementor-widget-text-editor\" data-id=\"a7b02c2\" data-element_type=\"widget\" data-e-type=\"widget\" data-widget_type=\"text-editor.default\">\n\t\t\t\t<div class=\"elementor-widget-container\">\n\t\t\t\t\t\t\t\t\t<p>Para disfrutar al m\u00e1ximo, pruebe el<br \/>Ritual de Experiencia Ikigai, que<br \/>incluye un an\u00e1lisis profundo del cuero cabelludo,<br \/>tratamiento con vapor para abrir los poros y <br \/>Una mascarilla capilar desintoxicante, combinada con un <br \/>Cabeza y hombros de lujo<br \/>masaje.<\/p>\t\t\t\t\t\t\t\t<\/div>\n\t\t\t\t<\/div>\n\t\t\t\t<\/div>\n\t\t\t\t\t<\/div>\n\t\t\t\t<\/div>\n\t\t<div class=\"e-con-top elementor-element elementor-element-d00cc06 e-con-full e-flex e-con e-parent\" data-id=\"d00cc06\" data-element_type=\"container\" data-e-type=\"container\">\n\t\t<div class=\"elementor-element elementor-element-892c1b5 e-flex e-con-boxed e-con e-child\" data-id=\"892c1b5\" data-element_type=\"container\" data-e-type=\"container\" data-settings=\"{&quot;background_background&quot;:&quot;classic&quot;}\">\n\t\t\t\t\t<div class=\"e-con-inner\">\n\t\t\t\t<div class=\"elementor-element elementor-element-b8c2837 elementor-widget elementor-widget-heading\" data-id=\"b8c2837\" data-element_type=\"widget\" data-e-type=\"widget\" data-widget_type=\"heading.default\">\n\t\t\t\t<div class=\"elementor-widget-container\">\n\t\t\t\t\t<h2 class=\"elementor-heading-title elementor-size-default\">Completa el viaje con una refrescante bebida de hierbas, sinti\u00e9ndote <\/br>Completamente en paz y revitalizado de la cabeza a los pies.<\/h2>\t\t\t\t<\/div>\n\t\t\t\t<\/div>\n\t\t\t\t\t<\/div>\n\t\t\t\t<\/div>\n\t\t\t\t<\/div>\n\t\t<div class=\"e-con-top elementor-element elementor-element-94dfc36 e-con-full e-flex e-con e-parent\" data-id=\"94dfc36\" data-element_type=\"container\" data-e-type=\"container\">\n\t\t<div class=\"elementor-element elementor-element-3641b4d e-flex e-con-boxed e-con e-child\" data-id=\"3641b4d\" data-element_type=\"container\" data-e-type=\"container\">\n\t\t\t\t\t<div class=\"e-con-inner\">\n\t\t\t\t<div class=\"elementor-element elementor-element-4cdab63 elementor-widget elementor-widget-image\" data-id=\"4cdab63\" data-element_type=\"widget\" data-e-type=\"widget\" data-widget_type=\"image.default\">\n\t\t\t\t<div class=\"elementor-widget-container\">\n\t\t\t\t\t\t\t\t\t\t\t\t\t\t\t<img decoding=\"async\" width=\"268\" height=\"81\" src=\"https:\/\/beautyritualslounge.com\/wp-content\/uploads\/2024\/11\/facial-treatments-leafs3.webp\" class=\"attachment-large size-large wp-image-911\" alt=\"\" srcset=\"https:\/\/beautyritualslounge.com\/wp-content\/uploads\/2024\/11\/facial-treatments-leafs3.webp 268w, https:\/\/beautyritualslounge.com\/wp-content\/uploads\/2024\/11\/facial-treatments-leafs3-18x5.webp 18w\" sizes=\"(max-width: 268px) 100vw, 268px\" \/>\t\t\t\t\t\t\t\t\t\t\t\t\t\t\t<\/div>\n\t\t\t\t<\/div>\n\t\t\t\t<div class=\"elementor-element elementor-element-da642f7 elementor-hidden-tablet elementor-hidden-mobile elementor-widget elementor-widget-image\" data-id=\"da642f7\" data-element_type=\"widget\" data-e-type=\"widget\" data-widget_type=\"image.default\">\n\t\t\t\t<div class=\"elementor-widget-container\">\n\t\t\t\t\t\t\t\t\t\t\t\t\t\t\t<img loading=\"lazy\" decoding=\"async\" width=\"313\" height=\"372\" src=\"https:\/\/beautyritualslounge.com\/wp-content\/uploads\/2024\/11\/Japanese-head-spa3.webp\" class=\"attachment-large size-large wp-image-1023\" alt=\"\" srcset=\"https:\/\/beautyritualslounge.com\/wp-content\/uploads\/2024\/11\/Japanese-head-spa3.webp 313w, https:\/\/beautyritualslounge.com\/wp-content\/uploads\/2024\/11\/Japanese-head-spa3-252x300.webp 252w, https:\/\/beautyritualslounge.com\/wp-content\/uploads\/2024\/11\/Japanese-head-spa3-10x12.webp 10w\" sizes=\"(max-width: 313px) 100vw, 313px\" \/>\t\t\t\t\t\t\t\t\t\t\t\t\t\t\t<\/div>\n\t\t\t\t<\/div>\n\t\t\t\t\t<\/div>\n\t\t\t\t<\/div>\n\t\t\t\t<\/div>\n\t\t<div class=\"e-con-top elementor-element elementor-element-70e941f e-flex e-con-boxed e-con e-parent\" data-id=\"70e941f\" data-element_type=\"container\" data-e-type=\"container\">\n\t\t\t\t\t<div class=\"e-con-inner\">\n\t\t\t\t<div class=\"elementor-element elementor-element-f25ad22 elementor-align-center elementor-tablet-align-center elementor-widget elementor-widget-button\" data-id=\"f25ad22\" data-element_type=\"widget\" data-e-type=\"widget\" data-widget_type=\"button.default\">\n\t\t\t\t<div class=\"elementor-widget-container\">\n\t\t\t\t\t\t\t\t\t<div class=\"elementor-button-wrapper\">\n\t\t\t\t\t<a class=\"elementor-button elementor-button-link elementor-size-sm\" href=\"https:\/\/beautyritualslounge.com\/es\/booking\/\">\n\t\t\t\t\t\t<span class=\"elementor-button-content-wrapper\">\n\t\t\t\t\t\t\t\t\t<span class=\"elementor-button-text\">Reserva tu experiencia<\/span>\n\t\t\t\t\t<\/span>\n\t\t\t\t\t<\/a>\n\t\t\t\t<\/div>\n\t\t\t\t\t\t\t\t<\/div>\n\t\t\t\t<\/div>\n\t\t\t\t\t<\/div>\n\t\t\t\t<\/div>\n\t\t\t\t<\/div>","protected":false},"excerpt":{"rendered":"<p>Home Experience the first HeadSpa Rituals in Estepona, a holistic approach to hair and scalp health. Each treatment is designed to deliver ultimate relaxationwhile revitalizing your scalp and hair. Our signature Zen Stress-Relief Ritual starts with a soothing head and shoulders massage to alleviate tension, followed by a nourishing hair wash and mask, leaving you [&hellip;]<\/p>\n","protected":false},"author":1,"featured_media":0,"parent":868,"menu_order":0,"comment_status":"closed","ping_status":"closed","template":"elementor_header_footer","meta":{"_acf_changed":false,"footnotes":""},"class_list":["post-935","page","type-page","status-publish","hentry"],"acf":[],"_links":{"self":[{"href":"https:\/\/beautyritualslounge.com\/es\/wp-json\/wp\/v2\/pages\/935","targetHints":{"allow":["GET"]}}],"collection":[{"href":"https:\/\/beautyritualslounge.com\/es\/wp-json\/wp\/v2\/pages"}],"about":[{"href":"https:\/\/beautyritualslounge.com\/es\/wp-json\/wp\/v2\/types\/page"}],"author":[{"embeddable":true,"href":"https:\/\/beautyritualslounge.com\/es\/wp-json\/wp\/v2\/users\/1"}],"replies":[{"embeddable":true,"href":"https:\/\/beautyritualslounge.com\/es\/wp-json\/wp\/v2\/comments?post=935"}],"version-history":[{"count":0,"href":"https:\/\/beautyritualslounge.com\/es\/wp-json\/wp\/v2\/pages\/935\/revisions"}],"up":[{"embeddable":true,"href":"https:\/\/beautyritualslounge.com\/es\/wp-json\/wp\/v2\/pages\/868"}],"wp:attachment":[{"href":"https:\/\/beautyritualslounge.com\/es\/wp-json\/wp\/v2\/media?parent=935"}],"curies":[{"name":"gracias","href":"https:\/\/api.w.org\/{rel}","templated":true}]}}