{"id":408,"date":"2024-10-11T11:41:09","date_gmt":"2024-10-11T09:41:09","guid":{"rendered":"https:\/\/beautyritualslounge.com\/?post_type=product&#038;p=408"},"modified":"2025-03-15T16:50:44","modified_gmt":"2025-03-15T15:50:44","slug":"premium-care-eyes-anti-aging-cream","status":"publish","type":"product","link":"https:\/\/beautyritualslounge.com\/es\/producto\/premium-care-eyes-anti-aging-cream\/","title":{"rendered":"Crema antienvejecimiento para ojos PREMIUM CARE"},"content":{"rendered":"<p>Crema rica antienvejecimiento para ojos que ofrece un rejuvenecimiento inmediato de la piel alrededor de los ojos para una apariencia m\u00e1s joven y radiante, dise\u00f1ada espec\u00edficamente para no permitir que las l\u00edneas finas elijan su expresi\u00f3n facial.<br \/>\nAcetil hexap\u00e9ptido-1, un p\u00e9ptido que imita la acci\u00f3n de la toxina botul\u00ednica, basado en conocimientos de la neurociencia, act\u00faa sobre las v\u00edas neuronales pre y postsin\u00e1pticas de la contracci\u00f3n de los m\u00fasculos del \u00e1rea ocular.<br \/>\nEl extracto de \u00e1rbol de seda persa ayuda a reparar la relajaci\u00f3n del p\u00e1rpado superior, reduce la hinchaz\u00f3n y las arrugas alrededor de los ojos.<br \/>\nLa Hesperidina reduce la apariencia de las ojeras debajo de los ojos, estimulando el flujo de sangre a la superficie de la piel.<\/p>\n<p>&nbsp;<\/p>","protected":false},"excerpt":{"rendered":"<p>Rich anti-aging eye cream that offers immediate rejuvenation of the skin around the eyes for a more youthful, radiant look, specifically designed to not allow the fine lines to choose your facial expression Acetyl hexapeptide-1, a peptide that mimics the action of botulinum toxin, based on knowledge of neuroscience, it acts on the pre- &amp; [&hellip;]<\/p>\n","protected":false},"featured_media":411,"comment_status":"open","ping_status":"closed","template":"","meta":{"_acf_changed":false},"product_cat":[79],"product_tag":[],"class_list":{"0":"post-408","1":"product","2":"type-product","3":"status-publish","4":"has-post-thumbnail","6":"product_cat-all-skin-types","7":"pa_brand-froika-dermocosmetics","8":"pa_product-line-premium","10":"first","11":"instock","12":"shipping-taxable","13":"purchasable","14":"product-type-simple","swatches":"rey-swatches","show_selected":""},"acf":[],"_links":{"self":[{"href":"https:\/\/beautyritualslounge.com\/es\/wp-json\/wp\/v2\/product\/408","targetHints":{"allow":["GET"]}}],"collection":[{"href":"https:\/\/beautyritualslounge.com\/es\/wp-json\/wp\/v2\/product"}],"about":[{"href":"https:\/\/beautyritualslounge.com\/es\/wp-json\/wp\/v2\/types\/product"}],"replies":[{"embeddable":true,"href":"https:\/\/beautyritualslounge.com\/es\/wp-json\/wp\/v2\/comments?post=408"}],"wp:featuredmedia":[{"embeddable":true,"href":"https:\/\/beautyritualslounge.com\/es\/wp-json\/wp\/v2\/media\/411"}],"wp:attachment":[{"href":"https:\/\/beautyritualslounge.com\/es\/wp-json\/wp\/v2\/media?parent=408"}],"wp:term":[{"taxonomy":"product_cat","embeddable":true,"href":"https:\/\/beautyritualslounge.com\/es\/wp-json\/wp\/v2\/product_cat?post=408"},{"taxonomy":"product_tag","embeddable":true,"href":"https:\/\/beautyritualslounge.com\/es\/wp-json\/wp\/v2\/product_tag?post=408"}],"curies":[{"name":"gracias","href":"https:\/\/api.w.org\/{rel}","templated":true}]}}