{"id":507,"date":"2024-10-11T18:17:03","date_gmt":"2024-10-11T16:17:03","guid":{"rendered":"https:\/\/beautyritualslounge.com\/?post_type=product&#038;p=507"},"modified":"2025-03-15T16:50:38","modified_gmt":"2025-03-15T15:50:38","slug":"hyaluronic-silk-touch-sunscreen-spf-50-uva-uvb","status":"publish","type":"product","link":"https:\/\/beautyritualslounge.com\/es\/producto\/hyaluronic-silk-touch-sunscreen-spf-50-uva-uvb\/","title":{"rendered":"Protector solar HYALURONIC SILK TOUCH SPF 50+ UVA y UVB"},"content":{"rendered":"<p>Froika Hyaluronic Silktouch Sunscreen 50+ es un nuevo protector solar \u00fanico que, basado en la innovadora tecnolog\u00eda de elast\u00f3meros de tercera generaci\u00f3n, deja una sensaci\u00f3n aterciopelada en la piel y proporciona protecci\u00f3n solar primaria contra una amplia gama de rayos UVA y UVB, mientras que en la segunda etapa, gracias a los beneficios de otras mol\u00e9culas antioxidantes, proporciona una protecci\u00f3n vers\u00e1til dentro de la piel. Hidrata profundamente la piel gracias al \u00e1cido hialur\u00f3nico y, al mismo tiempo, tiene un efecto antiarrugas, ya que las arrugas, las imperfecciones y las cicatrices del acn\u00e9 se vuelven menos visibles.<\/p>","protected":false},"excerpt":{"rendered":"<p>Froika Hyaluronic Silktouch Sunscreen 50+ is a new unique sunscreen which based on the innovative technology of 3rd generation elastomers, leaves a velvety feeling on the skin and provides primary sun protection of a wide range of UVA &amp; UVB, while in the second stage due to the beneficial of other antioxidant molecules provides versatile [&hellip;]<\/p>\n","protected":false},"featured_media":511,"comment_status":"open","ping_status":"closed","template":"","meta":{"_acf_changed":false},"product_cat":[79,68],"product_tag":[],"class_list":{"0":"post-507","1":"product","2":"type-product","3":"status-publish","4":"has-post-thumbnail","6":"product_cat-all-skin-types","7":"product_cat-sensitive-skin","8":"pa_brand-froika-dermocosmetics","9":"pa_product-line-hyaluronic-silk-touch","11":"first","12":"instock","13":"shipping-taxable","14":"purchasable","15":"product-type-simple","swatches":"rey-swatches","show_selected":""},"acf":[],"_links":{"self":[{"href":"https:\/\/beautyritualslounge.com\/es\/wp-json\/wp\/v2\/product\/507","targetHints":{"allow":["GET"]}}],"collection":[{"href":"https:\/\/beautyritualslounge.com\/es\/wp-json\/wp\/v2\/product"}],"about":[{"href":"https:\/\/beautyritualslounge.com\/es\/wp-json\/wp\/v2\/types\/product"}],"replies":[{"embeddable":true,"href":"https:\/\/beautyritualslounge.com\/es\/wp-json\/wp\/v2\/comments?post=507"}],"wp:featuredmedia":[{"embeddable":true,"href":"https:\/\/beautyritualslounge.com\/es\/wp-json\/wp\/v2\/media\/511"}],"wp:attachment":[{"href":"https:\/\/beautyritualslounge.com\/es\/wp-json\/wp\/v2\/media?parent=507"}],"wp:term":[{"taxonomy":"product_cat","embeddable":true,"href":"https:\/\/beautyritualslounge.com\/es\/wp-json\/wp\/v2\/product_cat?post=507"},{"taxonomy":"product_tag","embeddable":true,"href":"https:\/\/beautyritualslounge.com\/es\/wp-json\/wp\/v2\/product_tag?post=507"}],"curies":[{"name":"gracias","href":"https:\/\/api.w.org\/{rel}","templated":true}]}}