{"id":509,"date":"2024-10-11T18:20:48","date_gmt":"2024-10-11T16:20:48","guid":{"rendered":"https:\/\/beautyritualslounge.com\/?post_type=product&#038;p=509"},"modified":"2025-03-15T16:50:27","modified_gmt":"2025-03-15T15:50:27","slug":"ultralift-cream-rich","status":"publish","type":"product","link":"https:\/\/beautyritualslounge.com\/es\/producto\/ultralift-cream-rich\/","title":{"rendered":"Crema ULTRALIFT Rich"},"content":{"rendered":"<p>Para pieles maduras, secas y apagadas, con fase grasa potenciada.<br \/>\nCrema antiedad reafirmante con efecto lifting d\u00eda y noche. Ideal para pieles maduras, secas y sin vida, proporciona una intensa acci\u00f3n reafirmante. Enriquecida con cultivo celular de la planta alpina \u201cEdelweiss\u201d, X-Pressin, Suberin y \u00c1cido Hialur\u00f3nico proporciona a la piel un RESULTADO VISIBLE de LIFTING que dura. Comb\u00ednala con el S\u00e9rum ULTRALIFT para obtener resultados optimizados.<\/p>","protected":false},"excerpt":{"rendered":"<p>For mature dry &amp; dull skin, with enhanced oily phase. Anti-aging cream \u2013 clamping with lifting effect day &amp; night. Ideal for mature, dry &amp; lifeless skin, provides intense firming action. Enriched with cell culture of the alpine plant \u201cEdelweiss\u201d, X-Pressin, Suberin &amp; Hyaluronic Acid provides the skin with VISIBLE RESULT of LIFTING that lasts. [&hellip;]<\/p>\n","protected":false},"featured_media":510,"comment_status":"open","ping_status":"closed","template":"","meta":{"_acf_changed":false},"product_cat":[70,75],"product_tag":[],"class_list":{"0":"post-509","1":"product","2":"type-product","3":"status-publish","4":"has-post-thumbnail","6":"product_cat-dry-skin","7":"product_cat-mature-skin","8":"pa_brand-froika-dermocosmetics","9":"pa_product-line-ultralift","11":"first","12":"instock","13":"shipping-taxable","14":"purchasable","15":"product-type-simple","swatches":"rey-swatches","show_selected":""},"acf":[],"_links":{"self":[{"href":"https:\/\/beautyritualslounge.com\/es\/wp-json\/wp\/v2\/product\/509","targetHints":{"allow":["GET"]}}],"collection":[{"href":"https:\/\/beautyritualslounge.com\/es\/wp-json\/wp\/v2\/product"}],"about":[{"href":"https:\/\/beautyritualslounge.com\/es\/wp-json\/wp\/v2\/types\/product"}],"replies":[{"embeddable":true,"href":"https:\/\/beautyritualslounge.com\/es\/wp-json\/wp\/v2\/comments?post=509"}],"wp:featuredmedia":[{"embeddable":true,"href":"https:\/\/beautyritualslounge.com\/es\/wp-json\/wp\/v2\/media\/510"}],"wp:attachment":[{"href":"https:\/\/beautyritualslounge.com\/es\/wp-json\/wp\/v2\/media?parent=509"}],"wp:term":[{"taxonomy":"product_cat","embeddable":true,"href":"https:\/\/beautyritualslounge.com\/es\/wp-json\/wp\/v2\/product_cat?post=509"},{"taxonomy":"product_tag","embeddable":true,"href":"https:\/\/beautyritualslounge.com\/es\/wp-json\/wp\/v2\/product_tag?post=509"}],"curies":[{"name":"gracias","href":"https:\/\/api.w.org\/{rel}","templated":true}]}}