{"id":512,"date":"2024-10-11T18:31:12","date_gmt":"2024-10-11T16:31:12","guid":{"rendered":"https:\/\/beautyritualslounge.com\/?post_type=product&#038;p=512"},"modified":"2025-03-15T16:50:15","modified_gmt":"2025-03-15T15:50:15","slug":"ultralift-serum","status":"publish","type":"product","link":"https:\/\/beautyritualslounge.com\/es\/producto\/ultralift-serum\/","title":{"rendered":"S\u00e9rum ULTRALIFT"},"content":{"rendered":"<p>Suero eficaz reafirmante inmediato para rostro y cuello. Crea una pel\u00edcula que reduce visiblemente la apariencia de l\u00edneas finas y arrugas para una piel suave y tersa al instante.<br \/>\nLa f\u00f3rmula especialmente dise\u00f1ada reafirma los contornos faciales, suaviza las imperfecciones y reduce la aparici\u00f3n de arrugas. Comb\u00ednala con la crema ULTRALIFT para obtener resultados \u00f3ptimos.<\/p>","protected":false},"excerpt":{"rendered":"<p>S\u00e9rum eficaz que reafirma de inmediato rostro y cuello. Crea una pel\u00edcula que reduce visiblemente la apariencia de l\u00edneas de expresi\u00f3n y arrugas, dejando una piel suave y tersa al instante. Su f\u00f3rmula especialmente dise\u00f1ada reafirma el contorno facial, suaviza las imperfecciones y reduce la apariencia de arrugas. Comb\u00ednalo con la Crema ULTRALIFT para obtener resultados \u00f3ptimos.<\/p>","protected":false},"featured_media":513,"comment_status":"open","ping_status":"closed","template":"","meta":{"_acf_changed":false},"product_cat":[70,75],"product_tag":[],"class_list":{"0":"post-512","1":"product","2":"type-product","3":"status-publish","4":"has-post-thumbnail","6":"product_cat-dry-skin","7":"product_cat-mature-skin","8":"pa_brand-froika-dermocosmetics","9":"pa_product-line-ultralift","11":"first","12":"instock","13":"shipping-taxable","14":"purchasable","15":"product-type-simple","swatches":"rey-swatches","show_selected":""},"acf":[],"_links":{"self":[{"href":"https:\/\/beautyritualslounge.com\/es\/wp-json\/wp\/v2\/product\/512","targetHints":{"allow":["GET"]}}],"collection":[{"href":"https:\/\/beautyritualslounge.com\/es\/wp-json\/wp\/v2\/product"}],"about":[{"href":"https:\/\/beautyritualslounge.com\/es\/wp-json\/wp\/v2\/types\/product"}],"replies":[{"embeddable":true,"href":"https:\/\/beautyritualslounge.com\/es\/wp-json\/wp\/v2\/comments?post=512"}],"wp:featuredmedia":[{"embeddable":true,"href":"https:\/\/beautyritualslounge.com\/es\/wp-json\/wp\/v2\/media\/513"}],"wp:attachment":[{"href":"https:\/\/beautyritualslounge.com\/es\/wp-json\/wp\/v2\/media?parent=512"}],"wp:term":[{"taxonomy":"product_cat","embeddable":true,"href":"https:\/\/beautyritualslounge.com\/es\/wp-json\/wp\/v2\/product_cat?post=512"},{"taxonomy":"product_tag","embeddable":true,"href":"https:\/\/beautyritualslounge.com\/es\/wp-json\/wp\/v2\/product_tag?post=512"}],"curies":[{"name":"gracias","href":"https:\/\/api.w.org\/{rel}","templated":true}]}}