{"id":515,"date":"2024-10-11T18:41:14","date_gmt":"2024-10-11T16:41:14","guid":{"rendered":"https:\/\/beautyritualslounge.com\/?post_type=product&#038;p=515"},"modified":"2025-03-15T16:50:01","modified_gmt":"2025-03-15T15:50:01","slug":"hyaluronic-c-cream-micro","status":"publish","type":"product","link":"https:\/\/beautyritualslounge.com\/es\/producto\/hyaluronic-c-cream-micro\/","title":{"rendered":"Crema HIALUR\u00d3NICA C Micro"},"content":{"rendered":"<p>La crema antiedad FROIKA Hyaluronic C Micro reduce visiblemente los primeros signos de la edad a la vez que renueva el aspecto de la piel durante el d\u00eda. Ayuda a suavizar los primeros signos de la edad y a reducir las imperfecciones. Aporta una hidrataci\u00f3n intensa aumentando la s\u00edntesis de col\u00e1geno y \u00e1cido hialur\u00f3nico y activando la regeneraci\u00f3n celular.<\/p>\n<p>La perfecta textura no grasa de Froika Micro Cream es una base de maquillaje ideal y ofrece una sensaci\u00f3n de frescor y confort durante todo el d\u00eda.<\/p>\n<p>Antienvejecimiento, antiarrugas, antiinflamatorio, blanqueador, protecci\u00f3n solar SPF=10, UVA=Ultra (5*)<\/p>","protected":false},"excerpt":{"rendered":"<p>FROIKA Hyaluronic C Micro anti-aging cream visibly reduces the first signs of aging as it renews the appearance of the skin during the day. Helps smooth the first signs of aging and reduce blemishes. Provides intense hydration by increasing the synthesis of collagen and hyaluronic acid and activating cell regeneration. The perfect non-greasy texture of [&hellip;]<\/p>\n","protected":false},"featured_media":516,"comment_status":"open","ping_status":"closed","template":"","meta":{"_acf_changed":false},"product_cat":[79],"product_tag":[],"class_list":{"0":"post-515","1":"product","2":"type-product","3":"status-publish","4":"has-post-thumbnail","6":"product_cat-all-skin-types","7":"pa_brand-froika-dermocosmetics","8":"pa_product-line-hyaluronic-c","10":"first","11":"instock","12":"shipping-taxable","13":"purchasable","14":"product-type-simple","swatches":"rey-swatches","show_selected":""},"acf":[],"_links":{"self":[{"href":"https:\/\/beautyritualslounge.com\/es\/wp-json\/wp\/v2\/product\/515","targetHints":{"allow":["GET"]}}],"collection":[{"href":"https:\/\/beautyritualslounge.com\/es\/wp-json\/wp\/v2\/product"}],"about":[{"href":"https:\/\/beautyritualslounge.com\/es\/wp-json\/wp\/v2\/types\/product"}],"replies":[{"embeddable":true,"href":"https:\/\/beautyritualslounge.com\/es\/wp-json\/wp\/v2\/comments?post=515"}],"wp:featuredmedia":[{"embeddable":true,"href":"https:\/\/beautyritualslounge.com\/es\/wp-json\/wp\/v2\/media\/516"}],"wp:attachment":[{"href":"https:\/\/beautyritualslounge.com\/es\/wp-json\/wp\/v2\/media?parent=515"}],"wp:term":[{"taxonomy":"product_cat","embeddable":true,"href":"https:\/\/beautyritualslounge.com\/es\/wp-json\/wp\/v2\/product_cat?post=515"},{"taxonomy":"product_tag","embeddable":true,"href":"https:\/\/beautyritualslounge.com\/es\/wp-json\/wp\/v2\/product_tag?post=515"}],"curies":[{"name":"gracias","href":"https:\/\/api.w.org\/{rel}","templated":true}]}}