{"id":518,"date":"2024-10-11T18:44:41","date_gmt":"2024-10-11T16:44:41","guid":{"rendered":"https:\/\/beautyritualslounge.com\/?post_type=product&#038;p=518"},"modified":"2025-03-15T16:49:55","modified_gmt":"2025-03-15T15:49:55","slug":"hyaluronic-c-cream-eyes","status":"publish","type":"product","link":"https:\/\/beautyritualslounge.com\/es\/producto\/hyaluronic-c-cream-eyes\/","title":{"rendered":"Crema para ojos con \u00e1cido hialur\u00f3nico C"},"content":{"rendered":"<p>Las l\u00edneas de expresi\u00f3n y las esquinas del contorno de los ojos se van acentuando con el paso del tiempo. La Crema para Ojos Hyaluronic C nutre la delicada piel de los ojos (ojeras \u2013 bolsas) aportando luminosidad a la piel y previniendo la aparici\u00f3n de signos visibles del envejecimiento.<\/p>\n<p>La perfecta textura no grasa de Froika Hyaluronic C Eye Cream es la base de maquillaje ideal y proporciona una sensaci\u00f3n de frescor y confort durante todo el d\u00eda.<\/p>","protected":false},"excerpt":{"rendered":"<p>The expression lines and the angles around the eyes, there are increasing with the passage of time. The Hyaluronic C Eye Cream nourishes the delicate skin of the eyes (dark circles &#8211; puffy eyes) by making the skin shine and preventing the appearance of visible signs of aging. The perfect non-greasy texture Froika Hyaluronic C [&hellip;]<\/p>\n","protected":false},"featured_media":519,"comment_status":"open","ping_status":"closed","template":"","meta":{"_acf_changed":false},"product_cat":[79],"product_tag":[],"class_list":{"0":"post-518","1":"product","2":"type-product","3":"status-publish","4":"has-post-thumbnail","6":"product_cat-all-skin-types","7":"pa_brand-froika-dermocosmetics","8":"pa_product-line-hyaluronic-c","10":"first","11":"instock","12":"shipping-taxable","13":"purchasable","14":"product-type-simple","swatches":"rey-swatches","show_selected":""},"acf":[],"_links":{"self":[{"href":"https:\/\/beautyritualslounge.com\/es\/wp-json\/wp\/v2\/product\/518","targetHints":{"allow":["GET"]}}],"collection":[{"href":"https:\/\/beautyritualslounge.com\/es\/wp-json\/wp\/v2\/product"}],"about":[{"href":"https:\/\/beautyritualslounge.com\/es\/wp-json\/wp\/v2\/types\/product"}],"replies":[{"embeddable":true,"href":"https:\/\/beautyritualslounge.com\/es\/wp-json\/wp\/v2\/comments?post=518"}],"wp:featuredmedia":[{"embeddable":true,"href":"https:\/\/beautyritualslounge.com\/es\/wp-json\/wp\/v2\/media\/519"}],"wp:attachment":[{"href":"https:\/\/beautyritualslounge.com\/es\/wp-json\/wp\/v2\/media?parent=518"}],"wp:term":[{"taxonomy":"product_cat","embeddable":true,"href":"https:\/\/beautyritualslounge.com\/es\/wp-json\/wp\/v2\/product_cat?post=518"},{"taxonomy":"product_tag","embeddable":true,"href":"https:\/\/beautyritualslounge.com\/es\/wp-json\/wp\/v2\/product_tag?post=518"}],"curies":[{"name":"gracias","href":"https:\/\/api.w.org\/{rel}","templated":true}]}}