{"id":520,"date":"2024-10-11T18:47:24","date_gmt":"2024-10-11T16:47:24","guid":{"rendered":"https:\/\/beautyritualslounge.com\/?post_type=product&#038;p=520"},"modified":"2025-03-15T16:49:42","modified_gmt":"2025-03-15T15:49:42","slug":"hyaluronic-cleansing-lotion","status":"publish","type":"product","link":"https:\/\/beautyritualslounge.com\/es\/producto\/hyaluronic-cleansing-lotion\/","title":{"rendered":"Loci\u00f3n limpiadora HYALURONIC"},"content":{"rendered":"<p>Hidrataci\u00f3n r\u00e1pida, intensiva y duradera. Aporta energ\u00eda a la piel para adaptarse a las condiciones de fatiga y estr\u00e9s.<\/p>","protected":false},"excerpt":{"rendered":"<p>Hidrataci\u00f3n r\u00e1pida, intensiva y duradera. Aporta energ\u00eda a la piel para adaptarse a las condiciones de fatiga y estr\u00e9s.<\/p>","protected":false},"featured_media":521,"comment_status":"open","ping_status":"closed","template":"","meta":{"_acf_changed":false},"product_cat":[70,71],"product_tag":[],"class_list":{"0":"post-520","1":"product","2":"type-product","3":"status-publish","4":"has-post-thumbnail","6":"product_cat-dry-skin","7":"product_cat-normal-skin","8":"pa_brand-froika-dermocosmetics","9":"pa_product-line-hyaluronic","11":"first","12":"instock","13":"shipping-taxable","14":"purchasable","15":"product-type-simple","swatches":"rey-swatches","show_selected":""},"acf":[],"_links":{"self":[{"href":"https:\/\/beautyritualslounge.com\/es\/wp-json\/wp\/v2\/product\/520","targetHints":{"allow":["GET"]}}],"collection":[{"href":"https:\/\/beautyritualslounge.com\/es\/wp-json\/wp\/v2\/product"}],"about":[{"href":"https:\/\/beautyritualslounge.com\/es\/wp-json\/wp\/v2\/types\/product"}],"replies":[{"embeddable":true,"href":"https:\/\/beautyritualslounge.com\/es\/wp-json\/wp\/v2\/comments?post=520"}],"wp:featuredmedia":[{"embeddable":true,"href":"https:\/\/beautyritualslounge.com\/es\/wp-json\/wp\/v2\/media\/521"}],"wp:attachment":[{"href":"https:\/\/beautyritualslounge.com\/es\/wp-json\/wp\/v2\/media?parent=520"}],"wp:term":[{"taxonomy":"product_cat","embeddable":true,"href":"https:\/\/beautyritualslounge.com\/es\/wp-json\/wp\/v2\/product_cat?post=520"},{"taxonomy":"product_tag","embeddable":true,"href":"https:\/\/beautyritualslounge.com\/es\/wp-json\/wp\/v2\/product_tag?post=520"}],"curies":[{"name":"gracias","href":"https:\/\/api.w.org\/{rel}","templated":true}]}}