{"id":522,"date":"2024-10-11T18:51:35","date_gmt":"2024-10-11T16:51:35","guid":{"rendered":"https:\/\/beautyritualslounge.com\/?post_type=product&#038;p=522"},"modified":"2025-03-15T16:49:36","modified_gmt":"2025-03-15T15:49:36","slug":"hyaluronic-tonic-lotion","status":"publish","type":"product","link":"https:\/\/beautyritualslounge.com\/es\/producto\/hyaluronic-tonic-lotion\/","title":{"rendered":"Loci\u00f3n t\u00f3nica HYALURONIC"},"content":{"rendered":"<p>Complementa la limpieza posterior al tratamiento FROIKA Cleansing, aportando un efecto refrescante en el rostro y los ojos. Elastina Restaura la estructura de la piel<br \/>\nExtracto t\u00f3nico de GINSENG Aporta energ\u00eda a la piel para adaptarse a condiciones de fatiga y estr\u00e9s.<\/p>","protected":false},"excerpt":{"rendered":"<p>Complementa la limpieza posterior al FROIKA Cleansing aportando un efecto refrescante en el rostro y los ojos. Elastina Restaura la estructura de la piel Extracto t\u00f3nico de GINSENG Aporta energ\u00eda a la piel para adaptarse a las condiciones de fatiga y estr\u00e9s.<\/p>","protected":false},"featured_media":523,"comment_status":"open","ping_status":"closed","template":"","meta":{"_acf_changed":false},"product_cat":[70,71],"product_tag":[],"class_list":{"0":"post-522","1":"product","2":"type-product","3":"status-publish","4":"has-post-thumbnail","6":"product_cat-dry-skin","7":"product_cat-normal-skin","8":"pa_brand-froika-dermocosmetics","9":"pa_product-line-hyaluronic","11":"first","12":"instock","13":"shipping-taxable","14":"purchasable","15":"product-type-simple","swatches":"rey-swatches","show_selected":""},"acf":[],"_links":{"self":[{"href":"https:\/\/beautyritualslounge.com\/es\/wp-json\/wp\/v2\/product\/522","targetHints":{"allow":["GET"]}}],"collection":[{"href":"https:\/\/beautyritualslounge.com\/es\/wp-json\/wp\/v2\/product"}],"about":[{"href":"https:\/\/beautyritualslounge.com\/es\/wp-json\/wp\/v2\/types\/product"}],"replies":[{"embeddable":true,"href":"https:\/\/beautyritualslounge.com\/es\/wp-json\/wp\/v2\/comments?post=522"}],"wp:featuredmedia":[{"embeddable":true,"href":"https:\/\/beautyritualslounge.com\/es\/wp-json\/wp\/v2\/media\/523"}],"wp:attachment":[{"href":"https:\/\/beautyritualslounge.com\/es\/wp-json\/wp\/v2\/media?parent=522"}],"wp:term":[{"taxonomy":"product_cat","embeddable":true,"href":"https:\/\/beautyritualslounge.com\/es\/wp-json\/wp\/v2\/product_cat?post=522"},{"taxonomy":"product_tag","embeddable":true,"href":"https:\/\/beautyritualslounge.com\/es\/wp-json\/wp\/v2\/product_tag?post=522"}],"curies":[{"name":"gracias","href":"https:\/\/api.w.org\/{rel}","templated":true}]}}