{"id":524,"date":"2024-10-11T18:55:17","date_gmt":"2024-10-11T16:55:17","guid":{"rendered":"https:\/\/beautyritualslounge.com\/?post_type=product&#038;p=524"},"modified":"2025-03-15T16:49:17","modified_gmt":"2025-03-15T15:49:17","slug":"anti-acne-liquir-cleanser","status":"publish","type":"product","link":"https:\/\/beautyritualslounge.com\/es\/producto\/anti-acne-liquir-cleanser\/","title":{"rendered":"Limpiador l\u00edquido ANTI-ACN\u00c9"},"content":{"rendered":"<p>Una nueva generaci\u00f3n de limpieza suave y delicada.<br \/>\nAcci\u00f3n calmante y seborreguladora para pieles grasas con tendencia al acn\u00e9 (rostro y cuerpo)<br \/>\nLa base limpiadora especializada con zinc incorporado, tiene una excelente tolerancia a la piel y una acci\u00f3n r\u00e1pida sin causar sequedad, sensibilidad o irritaci\u00f3n. Regula la oleosidad y libera los poros, dejando la piel limpia, suave, fresca y mate, sin imperfecciones.<br \/>\nSin SLESS<br \/>\nSin PARABENOS<\/p>","protected":false},"excerpt":{"rendered":"<p>A new generation of mild, gentle cleansing Soothing &amp; sebum regulating action for oily acne prone skin (face and body) The specialized cleansing base with built-in zinc, has excellent tolerance to the skin and swift action without causing dryness, sensitivity or irritation. It regulates oiliness and frees the pores, leaving the skin clean, soft, cool, [&hellip;]<\/p>\n","protected":false},"featured_media":525,"comment_status":"open","ping_status":"closed","template":"","meta":{"_acf_changed":false},"product_cat":[78,77,69],"product_tag":[],"class_list":{"0":"post-524","1":"product","2":"type-product","3":"status-publish","4":"has-post-thumbnail","6":"product_cat-acne-prone-skin","7":"product_cat-mixed","8":"product_cat-oily-skin","9":"pa_brand-froika-dermocosmetics","10":"pa_product-line-anti-acne","12":"first","13":"instock","14":"shipping-taxable","15":"purchasable","16":"product-type-simple","swatches":"rey-swatches","show_selected":""},"acf":[],"_links":{"self":[{"href":"https:\/\/beautyritualslounge.com\/es\/wp-json\/wp\/v2\/product\/524","targetHints":{"allow":["GET"]}}],"collection":[{"href":"https:\/\/beautyritualslounge.com\/es\/wp-json\/wp\/v2\/product"}],"about":[{"href":"https:\/\/beautyritualslounge.com\/es\/wp-json\/wp\/v2\/types\/product"}],"replies":[{"embeddable":true,"href":"https:\/\/beautyritualslounge.com\/es\/wp-json\/wp\/v2\/comments?post=524"}],"wp:featuredmedia":[{"embeddable":true,"href":"https:\/\/beautyritualslounge.com\/es\/wp-json\/wp\/v2\/media\/525"}],"wp:attachment":[{"href":"https:\/\/beautyritualslounge.com\/es\/wp-json\/wp\/v2\/media?parent=524"}],"wp:term":[{"taxonomy":"product_cat","embeddable":true,"href":"https:\/\/beautyritualslounge.com\/es\/wp-json\/wp\/v2\/product_cat?post=524"},{"taxonomy":"product_tag","embeddable":true,"href":"https:\/\/beautyritualslounge.com\/es\/wp-json\/wp\/v2\/product_tag?post=524"}],"curies":[{"name":"gracias","href":"https:\/\/api.w.org\/{rel}","templated":true}]}}