{"id":526,"date":"2024-10-11T19:03:01","date_gmt":"2024-10-11T17:03:01","guid":{"rendered":"https:\/\/beautyritualslounge.com\/?post_type=product&#038;p=526"},"modified":"2025-03-15T16:49:05","modified_gmt":"2025-03-15T15:49:05","slug":"anti-acne-face-lotion","status":"publish","type":"product","link":"https:\/\/beautyritualslounge.com\/es\/producto\/anti-acne-face-lotion\/","title":{"rendered":"Loci\u00f3n facial ANTI-ACN\u00c9"},"content":{"rendered":"<p>Loci\u00f3n antimicrobiana para limpiar y tonificar el rostro, a la vez que contribuye al r\u00e1pido control y restablecimiento del equilibrio de la flora microbiana de la piel.<br \/>\nLibera y cierra los poros de la piel en profundidad, mientras elimina el brillo, el sebo y la suciedad.<\/p>","protected":false},"excerpt":{"rendered":"<p>Loci\u00f3n antimicrobiana para limpiar y tonificar el rostro, a la vez que contribuye al r\u00e1pido control y restablecimiento del equilibrio de la flora microbiana de la piel. Desobstruye y cierra los poros de la piel en profundidad, a la vez que elimina el brillo, el sebo y la suciedad.<\/p>","protected":false},"featured_media":527,"comment_status":"open","ping_status":"closed","template":"","meta":{"_acf_changed":false},"product_cat":[78,77,69],"product_tag":[],"class_list":{"0":"post-526","1":"product","2":"type-product","3":"status-publish","4":"has-post-thumbnail","6":"product_cat-acne-prone-skin","7":"product_cat-mixed","8":"product_cat-oily-skin","9":"pa_brand-froika-dermocosmetics","10":"pa_product-line-anti-acne","12":"first","13":"instock","14":"shipping-taxable","15":"purchasable","16":"product-type-simple","swatches":"rey-swatches","show_selected":""},"acf":[],"_links":{"self":[{"href":"https:\/\/beautyritualslounge.com\/es\/wp-json\/wp\/v2\/product\/526","targetHints":{"allow":["GET"]}}],"collection":[{"href":"https:\/\/beautyritualslounge.com\/es\/wp-json\/wp\/v2\/product"}],"about":[{"href":"https:\/\/beautyritualslounge.com\/es\/wp-json\/wp\/v2\/types\/product"}],"replies":[{"embeddable":true,"href":"https:\/\/beautyritualslounge.com\/es\/wp-json\/wp\/v2\/comments?post=526"}],"wp:featuredmedia":[{"embeddable":true,"href":"https:\/\/beautyritualslounge.com\/es\/wp-json\/wp\/v2\/media\/527"}],"wp:attachment":[{"href":"https:\/\/beautyritualslounge.com\/es\/wp-json\/wp\/v2\/media?parent=526"}],"wp:term":[{"taxonomy":"product_cat","embeddable":true,"href":"https:\/\/beautyritualslounge.com\/es\/wp-json\/wp\/v2\/product_cat?post=526"},{"taxonomy":"product_tag","embeddable":true,"href":"https:\/\/beautyritualslounge.com\/es\/wp-json\/wp\/v2\/product_tag?post=526"}],"curies":[{"name":"gracias","href":"https:\/\/api.w.org\/{rel}","templated":true}]}}