{"id":534,"date":"2024-10-11T19:14:14","date_gmt":"2024-10-11T17:14:14","guid":{"rendered":"https:\/\/beautyritualslounge.com\/?post_type=product&#038;p=534"},"modified":"2025-04-18T21:38:33","modified_gmt":"2025-04-18T19:38:33","slug":"antioxidant-face-cream-with-vitamin-c","status":"publish","type":"product","link":"https:\/\/beautyritualslounge.com\/es\/producto\/antioxidant-face-cream-with-vitamin-c\/","title":{"rendered":"Crema facial antioxidante con vitamina C"},"content":{"rendered":"<p>Crema facial antiestr\u00e9s y elastizante de d\u00eda y de noche con vitamina C estabilizada y flavonoides c\u00edtricos, obtenidos a partir de lima mexicana reciclada, para una piel uniforme, radiante y revitalizada. Protege la piel del rostro contra la contaminaci\u00f3n y los agentes ambientales a la vez que la mantiene flexible.<\/p>","protected":false},"excerpt":{"rendered":"<p>Crema facial antiestr\u00e9s y elastizante de d\u00eda y de noche con vitamina C estabilizada y flavonoides c\u00edtricos, obtenidos a partir de lima mexicana reciclada, para una piel uniforme, radiante y revitalizada. Protege la piel del rostro contra la contaminaci\u00f3n y los agentes ambientales a la vez que la mantiene flexible.<\/p>","protected":false},"featured_media":535,"comment_status":"open","ping_status":"closed","template":"","meta":{"_acf_changed":false},"product_cat":[79],"product_tag":[],"class_list":{"0":"post-534","1":"product","2":"type-product","3":"status-publish","4":"has-post-thumbnail","6":"product_cat-all-skin-types","7":"pa_brand-vagheggi-phytocosmetics","8":"pa_product-line-lime","10":"first","11":"instock","12":"shipping-taxable","13":"purchasable","14":"product-type-simple","swatches":"rey-swatches","show_selected":""},"acf":[],"_links":{"self":[{"href":"https:\/\/beautyritualslounge.com\/es\/wp-json\/wp\/v2\/product\/534","targetHints":{"allow":["GET"]}}],"collection":[{"href":"https:\/\/beautyritualslounge.com\/es\/wp-json\/wp\/v2\/product"}],"about":[{"href":"https:\/\/beautyritualslounge.com\/es\/wp-json\/wp\/v2\/types\/product"}],"replies":[{"embeddable":true,"href":"https:\/\/beautyritualslounge.com\/es\/wp-json\/wp\/v2\/comments?post=534"}],"wp:featuredmedia":[{"embeddable":true,"href":"https:\/\/beautyritualslounge.com\/es\/wp-json\/wp\/v2\/media\/535"}],"wp:attachment":[{"href":"https:\/\/beautyritualslounge.com\/es\/wp-json\/wp\/v2\/media?parent=534"}],"wp:term":[{"taxonomy":"product_cat","embeddable":true,"href":"https:\/\/beautyritualslounge.com\/es\/wp-json\/wp\/v2\/product_cat?post=534"},{"taxonomy":"product_tag","embeddable":true,"href":"https:\/\/beautyritualslounge.com\/es\/wp-json\/wp\/v2\/product_tag?post=534"}],"curies":[{"name":"gracias","href":"https:\/\/api.w.org\/{rel}","templated":true}]}}