{"id":536,"date":"2024-10-11T19:17:05","date_gmt":"2024-10-11T17:17:05","guid":{"rendered":"https:\/\/beautyritualslounge.com\/?post_type=product&#038;p=536"},"modified":"2025-03-15T16:48:38","modified_gmt":"2025-03-15T15:48:38","slug":"facial-hydrating-cream-100-hours","status":"publish","type":"product","link":"https:\/\/beautyritualslounge.com\/es\/producto\/facial-hydrating-cream-100-hours\/","title":{"rendered":"Crema Hidratante Facial 100 Horas"},"content":{"rendered":"<p>Crema facial hidratante 100 H con \u00e1cido hialur\u00f3nico y Cuateteco ecosostenible que regula las funciones esenciales para una hidrataci\u00f3n \u00f3ptima de la piel. Piel protegida e hidratada hasta 100 horas. Textura suave, fresca y fundente.<\/p>","protected":false},"excerpt":{"rendered":"<p>Crema facial hidratante 100 H con \u00e1cido hialur\u00f3nico y Cuateteco ecosostenible que regula las funciones esenciales para una hidrataci\u00f3n \u00f3ptima de la piel. Piel protegida e hidratada hasta 100 horas. Textura suave, fresca y fundente.<\/p>","protected":false},"featured_media":537,"comment_status":"open","ping_status":"closed","template":"","meta":{"_acf_changed":false},"product_cat":[70,71],"product_tag":[],"class_list":{"0":"post-536","1":"product","2":"type-product","3":"status-publish","4":"has-post-thumbnail","6":"product_cat-dry-skin","7":"product_cat-normal-skin","8":"pa_brand-vagheggi-phytocosmetics","9":"pa_product-line-rehydra","11":"first","12":"instock","13":"shipping-taxable","14":"purchasable","15":"product-type-simple","swatches":"rey-swatches","show_selected":""},"acf":[],"_links":{"self":[{"href":"https:\/\/beautyritualslounge.com\/es\/wp-json\/wp\/v2\/product\/536","targetHints":{"allow":["GET"]}}],"collection":[{"href":"https:\/\/beautyritualslounge.com\/es\/wp-json\/wp\/v2\/product"}],"about":[{"href":"https:\/\/beautyritualslounge.com\/es\/wp-json\/wp\/v2\/types\/product"}],"replies":[{"embeddable":true,"href":"https:\/\/beautyritualslounge.com\/es\/wp-json\/wp\/v2\/comments?post=536"}],"wp:featuredmedia":[{"embeddable":true,"href":"https:\/\/beautyritualslounge.com\/es\/wp-json\/wp\/v2\/media\/537"}],"wp:attachment":[{"href":"https:\/\/beautyritualslounge.com\/es\/wp-json\/wp\/v2\/media?parent=536"}],"wp:term":[{"taxonomy":"product_cat","embeddable":true,"href":"https:\/\/beautyritualslounge.com\/es\/wp-json\/wp\/v2\/product_cat?post=536"},{"taxonomy":"product_tag","embeddable":true,"href":"https:\/\/beautyritualslounge.com\/es\/wp-json\/wp\/v2\/product_tag?post=536"}],"curies":[{"name":"gracias","href":"https:\/\/api.w.org\/{rel}","templated":true}]}}